{"id":3582,"date":"2014-03-13T09:42:02","date_gmt":"2014-03-13T08:42:02","guid":{"rendered":"http:\/\/www.laetare-stavelot.be\/?page_id=3582"},"modified":"2021-07-02T18:47:20","modified_gmt":"2021-07-02T17:47:20","slug":"botschaften-beschreibung","status":"publish","type":"page","link":"https:\/\/www.laetare-stavelot.be\/de\/festkomitee\/botschaften-beschreibung\/","title":{"rendered":"Botschaften \/ Beschreibung"},"content":{"rendered":"<p><img loading=\"lazy\" decoding=\"async\" class=\"alignright size-medium wp-image-942\" src=\"https:\/\/www.laetare-stavelot.be\/\/wp-content\/uploads\/2014\/01\/laetare-stavelot-les-zygomars-141-300x169.jpg\" alt=\"laetare-stavelot-les-zygomars-14\" width=\"300\" height=\"168\" srcset=\"https:\/\/www.laetare-stavelot.be\/wp-content\/uploads\/2014\/01\/laetare-stavelot-les-zygomars-141-300x169.jpg 300w, https:\/\/www.laetare-stavelot.be\/wp-content\/uploads\/2014\/01\/laetare-stavelot-les-zygomars-141-768x432.jpg 768w, https:\/\/www.laetare-stavelot.be\/wp-content\/uploads\/2014\/01\/laetare-stavelot-les-zygomars-141.jpg 1600w, https:\/\/www.laetare-stavelot.be\/wp-content\/uploads\/2014\/01\/laetare-stavelot-les-zygomars-141-360x200.jpg 360w, https:\/\/www.laetare-stavelot.be\/wp-content\/uploads\/2014\/01\/laetare-stavelot-les-zygomars-141-320x180.jpg 320w\" sizes=\"auto, (max-width: 300px) 100vw, 300px\" \/>Jedes Jahr, einige Tage vor der Halbfastenzeit, trifft sich das Organisationskomitee mit allen teilnehmenden Vereinen zum gro\u00dfen Er\u00f6ffnungsabend, animiert durch Ges\u00e4nge und schnellem Paartanz. Die Stimmung wird geheizt, die Beine gestreckt und die Beziehungen enger gekn\u00fcpft. Das Festkomitee beschr\u00e4nkt sich hier allerdings nicht nur darauf, freudige Begegnungen zu kn\u00fcpfen; f\u00fcnfzehn Leute bem\u00fchen sich alle Aspekte der 3 Laetare Akte als Instrument zu nutzen. Eine unerl\u00e4ssliche Arbeit besteht in der Organisation der Strecke und Reihenfolge externer Gruppen im Umzug, die Abwicklung und der Ablauf des Wettbewerbs, die Hervorhebung des Nutzens der Veranstaltung sowie die Herstellung der Kontakte zu Beh\u00f6rden. Ganz wichtig ist es, alle Sicherheitsfragen abzukl\u00e4ren Wichtige Aspekte und Anliegen: 3.500 Akteure und gro\u00dfe Fahrzeuge eines \u00fcberm\u00fctigen Festzuges bei mehreren zehntausenden Zuschauern muss bew\u00e4ltigt werden. Dies ist eine herausfordernde Aufgabe, zumal die Stavelot Stra\u00dfen eng und schmal sind. Regeln m\u00fcssen aufgestellt werden: jede Gruppe wird durch Verantwortliche begleitet und alle Teilnehmer sollen zur Verantwortlichkeit trainiert und bef\u00e4higt werden.<\/p>\n<p><img loading=\"lazy\" decoding=\"async\" class=\"alignright size-medium wp-image-840\" src=\"https:\/\/www.laetare-stavelot.be\/\/wp-content\/uploads\/2014\/01\/laetare-stavelot-djoyeus-cooytais-41-300x169.jpg\" alt=\"laetare-stavelot-djoyeus-cooytais-4\" width=\"300\" height=\"168\" srcset=\"https:\/\/www.laetare-stavelot.be\/wp-content\/uploads\/2014\/01\/laetare-stavelot-djoyeus-cooytais-41-300x169.jpg 300w, https:\/\/www.laetare-stavelot.be\/wp-content\/uploads\/2014\/01\/laetare-stavelot-djoyeus-cooytais-41-768x432.jpg 768w, https:\/\/www.laetare-stavelot.be\/wp-content\/uploads\/2014\/01\/laetare-stavelot-djoyeus-cooytais-41.jpg 1600w, https:\/\/www.laetare-stavelot.be\/wp-content\/uploads\/2014\/01\/laetare-stavelot-djoyeus-cooytais-41-360x200.jpg 360w, https:\/\/www.laetare-stavelot.be\/wp-content\/uploads\/2014\/01\/laetare-stavelot-djoyeus-cooytais-41-320x180.jpg 320w\" sizes=\"auto, (max-width: 300px) 100vw, 300px\" \/>Um diesen Auftrag zu erf\u00fcllen, muss das Festkomitee der Stavelot Folklore in Einigkeit handeln: zahlreiche Sitzungen sind notwendig um einzelne Details zu besprechen. Ziel ist es dringende Ma\u00dfnahmen zwischen Fr\u00f6hlichkeit und Sicherheit zu gew\u00e4hrleisten. Auch wenn sich diese Arbeit im Hintergrund abspielt, darf sie keinesfalls untersch\u00e4tzt werden. Wenn in der 2. H\u00e4lfte des 20. Jahrhunderts der Laetare Stern am wallonischen folkloristischen Himmel gl\u00e4nzt, ist dies der Qualit\u00e4t und Best\u00e4ndigkeit dieser Veranstaltung zu verdanken. In 1958 gegr\u00fcndet, kann das Festkomitee heute stolz sein den Titel &#8222;K\u00f6niglich&#8220; zu tragen und dies weil \u00fcber mehrere Generationen das Engagement vieler Freiwilliger zu erw\u00e4hnen ist.<\/p>\n<p><img loading=\"lazy\" decoding=\"async\" class=\"alignright\" src=\"https:\/\/www.laetare-stavelot.be\/\/wp-content\/uploads\/2014\/01\/laetare-stavelot-les-zygomars-122-300x169.jpg\" alt=\"laetare-stavelot-les-zygomars-12\" width=\"300\" height=\"168\" \/>Eine tiefe Verbundenheit zur Tradition, ist der alleinige und stetige Erfolg der Laetare.<\/p>\n<p><strong>Patrice Lef\u00e8bvre<\/strong><br \/>\nStavelot,\u00a0 f\u00fcnf Jahrhunderte der Legende des Laetare \u2013 Weyrich Editions \u2013 2012<\/p>\n","protected":false},"excerpt":{"rendered":"<p>Jedes Jahr, einige Tage vor der Halbfastenzeit, trifft sich das Organisationskomitee mit allen teilnehmenden Vereinen zum gro\u00dfen Er\u00f6ffnungsabend, animiert durch Ges\u00e4nge und schnellem Paartanz. Die Stimmung wird geheizt, die Beine gestreckt und die Beziehungen enger gekn\u00fcpft. Das Festkomitee beschr\u00e4nkt sich hier allerdings nicht nur darauf, freudige Begegnungen zu kn\u00fcpfen; f\u00fcnfzehn Leute bem\u00fchen sich alle Aspekte der 3 Laetare Akte als Instrument zu nutzen. Eine unerl\u00e4ssliche Arbeit besteht in der Organisation der Strecke und Reihenfolge externer Gruppen im Umzug, die Abwicklung und der Ablauf des Wettbewerbs, die Hervorhebung des Nutzens der [&hellip;]<\/p>\n","protected":false},"author":2,"featured_media":0,"parent":3561,"menu_order":0,"comment_status":"closed","ping_status":"closed","template":"","meta":{"_acf_changed":false,"footnotes":""},"class_list":["post-3582","page","type-page","status-publish","hentry"],"acf":[],"yoast_head":"<!-- This site is optimized with the Yoast SEO plugin v27.5 - https:\/\/yoast.com\/product\/yoast-seo-wordpress\/ -->\n<title>Botschaften \/ Beschreibung - Stavelot, Capitale du Laetare et ses Blancs Moussis (Carnaval Wallon)<\/title>\n<meta name=\"robots\" content=\"index, follow, max-snippet:-1, max-image-preview:large, max-video-preview:-1\" \/>\n<link rel=\"canonical\" href=\"https:\/\/www.laetare-stavelot.be\/de\/festkomitee\/botschaften-beschreibung\/\" \/>\n<meta property=\"og:locale\" content=\"de_DE\" \/>\n<meta property=\"og:type\" content=\"article\" \/>\n<meta property=\"og:title\" content=\"Botschaften \/ Beschreibung - Stavelot, Capitale du Laetare et ses Blancs Moussis (Carnaval Wallon)\" \/>\n<meta property=\"og:description\" content=\"Jedes Jahr, einige Tage vor der Halbfastenzeit, trifft sich das Organisationskomitee mit allen teilnehmenden Vereinen zum gro\u00dfen Er\u00f6ffnungsabend, animiert durch Ges\u00e4nge und schnellem Paartanz. Die Stimmung wird geheizt, die Beine gestreckt und die Beziehungen enger gekn\u00fcpft. Das Festkomitee beschr\u00e4nkt sich hier allerdings nicht nur darauf, freudige Begegnungen zu kn\u00fcpfen; f\u00fcnfzehn Leute bem\u00fchen sich alle Aspekte der 3 Laetare Akte als Instrument zu nutzen. Eine unerl\u00e4ssliche Arbeit besteht in der Organisation der Strecke und Reihenfolge externer Gruppen im Umzug, die Abwicklung und der Ablauf des Wettbewerbs, die Hervorhebung des Nutzens der [&hellip;]\" \/>\n<meta property=\"og:url\" content=\"https:\/\/www.laetare-stavelot.be\/de\/festkomitee\/botschaften-beschreibung\/\" \/>\n<meta property=\"og:site_name\" content=\"Stavelot, Capitale du Laetare et ses Blancs Moussis (Carnaval Wallon)\" \/>\n<meta property=\"article:modified_time\" content=\"2021-07-02T17:47:20+00:00\" \/>\n<meta property=\"og:image\" content=\"https:\/\/www.laetare-stavelot.be\/\/wp-content\/uploads\/2014\/01\/laetare-stavelot-les-zygomars-141-300x169.jpg\" \/>\n<meta name=\"twitter:card\" content=\"summary_large_image\" \/>\n<meta name=\"twitter:label1\" content=\"Gesch\u00e4tzte Lesezeit\" \/>\n\t<meta name=\"twitter:data1\" content=\"2\u00a0Minuten\" \/>\n<script type=\"application\/ld+json\" class=\"yoast-schema-graph\">{\"@context\":\"https:\\\/\\\/schema.org\",\"@graph\":[{\"@type\":\"WebPage\",\"@id\":\"https:\\\/\\\/www.laetare-stavelot.be\\\/de\\\/festkomitee\\\/botschaften-beschreibung\\\/\",\"url\":\"https:\\\/\\\/www.laetare-stavelot.be\\\/de\\\/festkomitee\\\/botschaften-beschreibung\\\/\",\"name\":\"Botschaften \\\/ Beschreibung - Stavelot, Capitale du Laetare et ses Blancs Moussis (Carnaval Wallon)\",\"isPartOf\":{\"@id\":\"https:\\\/\\\/www.laetare-stavelot.be\\\/#website\"},\"primaryImageOfPage\":{\"@id\":\"https:\\\/\\\/www.laetare-stavelot.be\\\/de\\\/festkomitee\\\/botschaften-beschreibung\\\/#primaryimage\"},\"image\":{\"@id\":\"https:\\\/\\\/www.laetare-stavelot.be\\\/de\\\/festkomitee\\\/botschaften-beschreibung\\\/#primaryimage\"},\"thumbnailUrl\":\"https:\\\/\\\/www.laetare-stavelot.be\\\/\\\/wp-content\\\/uploads\\\/2014\\\/01\\\/laetare-stavelot-les-zygomars-141-300x169.jpg\",\"datePublished\":\"2014-03-13T08:42:02+00:00\",\"dateModified\":\"2021-07-02T17:47:20+00:00\",\"breadcrumb\":{\"@id\":\"https:\\\/\\\/www.laetare-stavelot.be\\\/de\\\/festkomitee\\\/botschaften-beschreibung\\\/#breadcrumb\"},\"inLanguage\":\"de\",\"potentialAction\":[{\"@type\":\"ReadAction\",\"target\":[\"https:\\\/\\\/www.laetare-stavelot.be\\\/de\\\/festkomitee\\\/botschaften-beschreibung\\\/\"]}]},{\"@type\":\"ImageObject\",\"inLanguage\":\"de\",\"@id\":\"https:\\\/\\\/www.laetare-stavelot.be\\\/de\\\/festkomitee\\\/botschaften-beschreibung\\\/#primaryimage\",\"url\":\"https:\\\/\\\/www.laetare-stavelot.be\\\/\\\/wp-content\\\/uploads\\\/2014\\\/01\\\/laetare-stavelot-les-zygomars-141-300x169.jpg\",\"contentUrl\":\"https:\\\/\\\/www.laetare-stavelot.be\\\/\\\/wp-content\\\/uploads\\\/2014\\\/01\\\/laetare-stavelot-les-zygomars-141-300x169.jpg\"},{\"@type\":\"BreadcrumbList\",\"@id\":\"https:\\\/\\\/www.laetare-stavelot.be\\\/de\\\/festkomitee\\\/botschaften-beschreibung\\\/#breadcrumb\",\"itemListElement\":[{\"@type\":\"ListItem\",\"position\":1,\"name\":\"Accueil\",\"item\":\"https:\\\/\\\/www.laetare-stavelot.be\\\/de\\\/\"},{\"@type\":\"ListItem\",\"position\":2,\"name\":\"Festkomitee\",\"item\":\"https:\\\/\\\/www.laetare-stavelot.be\\\/de\\\/festkomitee\\\/\"},{\"@type\":\"ListItem\",\"position\":3,\"name\":\"Botschaften \\\/ Beschreibung\"}]},{\"@type\":\"WebSite\",\"@id\":\"https:\\\/\\\/www.laetare-stavelot.be\\\/#website\",\"url\":\"https:\\\/\\\/www.laetare-stavelot.be\\\/\",\"name\":\"Stavelot, Capitale du Laetare et ses Blancs Moussis (Carnaval Wallon)\",\"description\":\"518e LAETARE des Blancs-Moussis de Stavelot - 21 -22 -23 mars 2020\",\"potentialAction\":[{\"@type\":\"SearchAction\",\"target\":{\"@type\":\"EntryPoint\",\"urlTemplate\":\"https:\\\/\\\/www.laetare-stavelot.be\\\/?s={search_term_string}\"},\"query-input\":{\"@type\":\"PropertyValueSpecification\",\"valueRequired\":true,\"valueName\":\"search_term_string\"}}],\"inLanguage\":\"de\"}]}<\/script>\n<!-- \/ Yoast SEO plugin. -->","yoast_head_json":{"title":"Botschaften \/ Beschreibung - Stavelot, Capitale du Laetare et ses Blancs Moussis (Carnaval Wallon)","robots":{"index":"index","follow":"follow","max-snippet":"max-snippet:-1","max-image-preview":"max-image-preview:large","max-video-preview":"max-video-preview:-1"},"canonical":"https:\/\/www.laetare-stavelot.be\/de\/festkomitee\/botschaften-beschreibung\/","og_locale":"de_DE","og_type":"article","og_title":"Botschaften \/ Beschreibung - Stavelot, Capitale du Laetare et ses Blancs Moussis (Carnaval Wallon)","og_description":"Jedes Jahr, einige Tage vor der Halbfastenzeit, trifft sich das Organisationskomitee mit allen teilnehmenden Vereinen zum gro\u00dfen Er\u00f6ffnungsabend, animiert durch Ges\u00e4nge und schnellem Paartanz. Die Stimmung wird geheizt, die Beine gestreckt und die Beziehungen enger gekn\u00fcpft. Das Festkomitee beschr\u00e4nkt sich hier allerdings nicht nur darauf, freudige Begegnungen zu kn\u00fcpfen; f\u00fcnfzehn Leute bem\u00fchen sich alle Aspekte der 3 Laetare Akte als Instrument zu nutzen. Eine unerl\u00e4ssliche Arbeit besteht in der Organisation der Strecke und Reihenfolge externer Gruppen im Umzug, die Abwicklung und der Ablauf des Wettbewerbs, die Hervorhebung des Nutzens der [&hellip;]","og_url":"https:\/\/www.laetare-stavelot.be\/de\/festkomitee\/botschaften-beschreibung\/","og_site_name":"Stavelot, Capitale du Laetare et ses Blancs Moussis (Carnaval Wallon)","article_modified_time":"2021-07-02T17:47:20+00:00","og_image":[{"url":"https:\/\/www.laetare-stavelot.be\/\/wp-content\/uploads\/2014\/01\/laetare-stavelot-les-zygomars-141-300x169.jpg","type":"","width":"","height":""}],"twitter_card":"summary_large_image","twitter_misc":{"Gesch\u00e4tzte Lesezeit":"2\u00a0Minuten"},"schema":{"@context":"https:\/\/schema.org","@graph":[{"@type":"WebPage","@id":"https:\/\/www.laetare-stavelot.be\/de\/festkomitee\/botschaften-beschreibung\/","url":"https:\/\/www.laetare-stavelot.be\/de\/festkomitee\/botschaften-beschreibung\/","name":"Botschaften \/ Beschreibung - Stavelot, Capitale du Laetare et ses Blancs Moussis (Carnaval Wallon)","isPartOf":{"@id":"https:\/\/www.laetare-stavelot.be\/#website"},"primaryImageOfPage":{"@id":"https:\/\/www.laetare-stavelot.be\/de\/festkomitee\/botschaften-beschreibung\/#primaryimage"},"image":{"@id":"https:\/\/www.laetare-stavelot.be\/de\/festkomitee\/botschaften-beschreibung\/#primaryimage"},"thumbnailUrl":"https:\/\/www.laetare-stavelot.be\/\/wp-content\/uploads\/2014\/01\/laetare-stavelot-les-zygomars-141-300x169.jpg","datePublished":"2014-03-13T08:42:02+00:00","dateModified":"2021-07-02T17:47:20+00:00","breadcrumb":{"@id":"https:\/\/www.laetare-stavelot.be\/de\/festkomitee\/botschaften-beschreibung\/#breadcrumb"},"inLanguage":"de","potentialAction":[{"@type":"ReadAction","target":["https:\/\/www.laetare-stavelot.be\/de\/festkomitee\/botschaften-beschreibung\/"]}]},{"@type":"ImageObject","inLanguage":"de","@id":"https:\/\/www.laetare-stavelot.be\/de\/festkomitee\/botschaften-beschreibung\/#primaryimage","url":"https:\/\/www.laetare-stavelot.be\/\/wp-content\/uploads\/2014\/01\/laetare-stavelot-les-zygomars-141-300x169.jpg","contentUrl":"https:\/\/www.laetare-stavelot.be\/\/wp-content\/uploads\/2014\/01\/laetare-stavelot-les-zygomars-141-300x169.jpg"},{"@type":"BreadcrumbList","@id":"https:\/\/www.laetare-stavelot.be\/de\/festkomitee\/botschaften-beschreibung\/#breadcrumb","itemListElement":[{"@type":"ListItem","position":1,"name":"Accueil","item":"https:\/\/www.laetare-stavelot.be\/de\/"},{"@type":"ListItem","position":2,"name":"Festkomitee","item":"https:\/\/www.laetare-stavelot.be\/de\/festkomitee\/"},{"@type":"ListItem","position":3,"name":"Botschaften \/ Beschreibung"}]},{"@type":"WebSite","@id":"https:\/\/www.laetare-stavelot.be\/#website","url":"https:\/\/www.laetare-stavelot.be\/","name":"Stavelot, Capitale du Laetare et ses Blancs Moussis (Carnaval Wallon)","description":"518e LAETARE des Blancs-Moussis de Stavelot - 21 -22 -23 mars 2020","potentialAction":[{"@type":"SearchAction","target":{"@type":"EntryPoint","urlTemplate":"https:\/\/www.laetare-stavelot.be\/?s={search_term_string}"},"query-input":{"@type":"PropertyValueSpecification","valueRequired":true,"valueName":"search_term_string"}}],"inLanguage":"de"}]}},"_links":{"self":[{"href":"https:\/\/www.laetare-stavelot.be\/de\/wp-json\/wp\/v2\/pages\/3582","targetHints":{"allow":["GET"]}}],"collection":[{"href":"https:\/\/www.laetare-stavelot.be\/de\/wp-json\/wp\/v2\/pages"}],"about":[{"href":"https:\/\/www.laetare-stavelot.be\/de\/wp-json\/wp\/v2\/types\/page"}],"author":[{"embeddable":true,"href":"https:\/\/www.laetare-stavelot.be\/de\/wp-json\/wp\/v2\/users\/2"}],"replies":[{"embeddable":true,"href":"https:\/\/www.laetare-stavelot.be\/de\/wp-json\/wp\/v2\/comments?post=3582"}],"version-history":[{"count":0,"href":"https:\/\/www.laetare-stavelot.be\/de\/wp-json\/wp\/v2\/pages\/3582\/revisions"}],"up":[{"embeddable":true,"href":"https:\/\/www.laetare-stavelot.be\/de\/wp-json\/wp\/v2\/pages\/3561"}],"wp:attachment":[{"href":"https:\/\/www.laetare-stavelot.be\/de\/wp-json\/wp\/v2\/media?parent=3582"}],"curies":[{"name":"wp","href":"https:\/\/api.w.org\/{rel}","templated":true}]}}