{"id":3616,"date":"2014-03-13T09:51:13","date_gmt":"2014-03-13T08:51:13","guid":{"rendered":"http:\/\/www.laetare-stavelot.be\/?page_id=3616"},"modified":"2026-03-06T04:30:05","modified_gmt":"2026-03-06T03:30:05","slug":"programm-der-3-tage","status":"publish","type":"page","link":"https:\/\/www.laetare-stavelot.be\/de\/laetare-2\/programm-der-3-tage\/","title":{"rendered":"Programm der 3 Tage"},"content":{"rendered":"<h3><img loading=\"lazy\" decoding=\"async\" class=\"size-medium wp-image-878 alignright\" src=\"https:\/\/www.laetare-stavelot.be\/\/wp-content\/uploads\/2014\/01\/laetare-stavelot-grosses-tiesses-6-300x169.jpg\" alt=\"laetare-stavelot-grosses-tiesses-6\" width=\"300\" height=\"168\" \/>Samstag, 14. M\u00e4rz 2026<\/h3>\n<ul>\n<li><strong>19:00 Uhr<\/strong>: Er\u00f6ffnung des Festzeltes des Festkomitees des Laetare de Stavelot<\/li>\n<li><strong><span class=\"heure\">20:00 Uhr:<\/span><\/strong> Ball in der Abtei, beheiztes Zelt.<br \/>\nRein karnevalistische Stimmung mit:<br \/>\nVon 22:00 bis 00:00 Uhr: DJ KILIAN<br \/>\nVon 00:00 bis 02:00 Uhr: DJ KELLY<br \/>\nVon 03:00 bis 05:00 Uhr: DJ LORIS<br \/>\n<strong>20:30 Uhr:<\/strong> <strong>Stallumez-Vous!<\/strong><\/li>\n<li>N\u00e4chtlicher Umzug voller Humor und Licht.<\/li>\n<\/ul>\n<p><img loading=\"lazy\" decoding=\"async\" class=\"aligncenter size-full wp-image-21529\" src=\"https:\/\/www.laetare-stavelot.be\/wp-content\/uploads\/2025\/01\/Programme-Bandeau-Partenaires.jpg\" alt=\"\" width=\"618\" height=\"74\" srcset=\"https:\/\/www.laetare-stavelot.be\/wp-content\/uploads\/2025\/01\/Programme-Bandeau-Partenaires.jpg 618w, https:\/\/www.laetare-stavelot.be\/wp-content\/uploads\/2025\/01\/Programme-Bandeau-Partenaires-300x36.jpg 300w\" sizes=\"auto, (max-width: 618px) 100vw, 618px\" \/><\/p>\n<h3><img loading=\"lazy\" decoding=\"async\" class=\"size-medium wp-image-732 alignright\" src=\"https:\/\/www.laetare-stavelot.be\/\/wp-content\/uploads\/2014\/02\/laetare-2012-echos-warche-9-300x168.jpg\" alt=\"laetare-2012-echos-warche-9\" width=\"300\" height=\"168\" \/>Sonntag, 15. M\u00e4rz 2026<\/h3>\n<ul>\n<li><strong>10:00 Uhr<\/strong>: \u00d6ffnung des Festzeltes des Laetare-Festkomitees f\u00fcr die \u00d6ffentlichkeit und Animation durch <strong>traditionelle wallonische Gruppen<\/strong>.<\/li>\n<li><strong>10:20 Uhr<\/strong>: Ehrung von Christian Nezer und Pierre Blaise<\/li>\n<li><strong>10:30 Uhr<\/strong>: Ansprachen des Festkomitee-Pr\u00e4sidenten und des B\u00fcrgermeisters.<br \/>\nJubil\u00e4um der Staveloter Gruppen<br \/>\nFestlicher Aperitif, Animation und Mahlzeit in den Kellern der Abtei von Stavelot<\/li>\n<li><strong>12:30 Uhr:<\/strong> Stra\u00dfenanimation mit dem R\u00e9veil Ardennais<\/li>\n<li><strong>13:30 Uhr:<\/strong> <strong>Gro\u00dfer Umzug des Laetare de Stavelot<\/strong> mit 2500 Teilnehmern.<br \/>\nDie Magie der Show trifft auf das Publikum<br \/>\nRondeau der Blancs-Moussis (Place St-Remacle, am Ende des Umzugs)<br \/>\nVon Nachmittag bis Abend:<br \/>\nB\u00fchnen an der Abtei, Fanfaren, Musikvereine und Bandas<br \/>\nAnimation: Andr\u00e9 Constant.<\/li>\n<li><strong>21:00 Uhr:<\/strong> Eines der gr\u00f6\u00dften <strong>Feuerwerke<\/strong> der Region!<\/li>\n<li><strong>22:00 Uhr:<\/strong> <strong>Wei\u00dfe Nacht der Blancs-Moussis<\/strong> in den Abteikellern mit Bandas und Orchestern.<\/li>\n<\/ul>\n<p><img loading=\"lazy\" decoding=\"async\" class=\"aligncenter size-full wp-image-21529\" src=\"https:\/\/www.laetare-stavelot.be\/wp-content\/uploads\/2025\/01\/Programme-Bandeau-Partenaires.jpg\" alt=\"\" width=\"618\" height=\"74\" srcset=\"https:\/\/www.laetare-stavelot.be\/wp-content\/uploads\/2025\/01\/Programme-Bandeau-Partenaires.jpg 618w, https:\/\/www.laetare-stavelot.be\/wp-content\/uploads\/2025\/01\/Programme-Bandeau-Partenaires-300x36.jpg 300w\" sizes=\"auto, (max-width: 618px) 100vw, 618px\" \/><\/p>\n<h3><img loading=\"lazy\" decoding=\"async\" class=\"size-medium wp-image-832 alignright\" src=\"https:\/\/www.laetare-stavelot.be\/\/wp-content\/uploads\/2014\/01\/laetare-stavelot-clowns-cyclistes-4-320x180.jpg\" alt=\"laetare-stavelot-clowns-cyclistes-4\" width=\"300\" height=\"168\" \/>Montag, 16. M\u00e4rz 2026<\/h3>\n<ul>\n<li><strong>15:00 Uhr:<\/strong> Umzug der folkloristischen und musikalischen Gruppen.<\/li>\n<li><span class=\"heure\"><strong>21:00 Uhr:<\/strong> \u00d6ffnung des Festzelts und <\/span>Animation durch DJ Fabien Degueldre, gefolgt von DJ Crazy Night<\/li>\n<li><strong>00:30 Uhr:<\/strong> Preisverleihung in der Abtei.<\/li>\n<\/ul>\n<p>&nbsp;<\/p>\n<h4 class=\"cxmmr5t8 oygrvhab hcukyx3x c1et5uql o9v6fnle\">Eintrittspreise f\u00fcr die Umz\u00fcge<\/h4>\n<p class=\"cxmmr5t8 oygrvhab hcukyx3x c1et5uql o9v6fnle\"><strong>Samstagabend des Laetare<\/strong><br \/>\nKOSTENLOSER Eintritt<\/p>\n<div class=\"cxmmr5t8 oygrvhab hcukyx3x c1et5uql o9v6fnle\"><strong>Sonntag des Laetare<\/strong><\/div>\n<ul>\n<li class=\"cxmmr5t8 oygrvhab hcukyx3x c1et5uql o9v6fnle\">Eintritt 5,00 \u20ac f\u00fcr Personen \u00fcber 12 Jahre<\/li>\n<li class=\"cxmmr5t8 oygrvhab hcukyx3x c1et5uql o9v6fnle\">KOSTENLOSER Eintritt f\u00fcr Kinder unter 12 Jahren<\/li>\n<li class=\"cxmmr5t8 oygrvhab hcukyx3x c1et5uql o9v6fnle\">KOSTENLOSER Eintritt f\u00fcr Einwohner der Gemeinde Stavelot<br \/>\n(gegen Vorlage des Personalausweises)<\/li>\n<\/ul>\n<p><strong>Feuerwerk<\/strong> v\u00f6llig KOSTENLOS<\/p>\n<p><strong>Like unsere Facebook-Seite des Laetare de Stavelot:<\/strong><br \/>\n<a href=\"https:\/\/www.facebook.com\/laetaredestavelot\/\">https:\/\/www.facebook.com\/laetaredestavelot\/<\/a><\/p>\n<p><strong>Entdecke unsere Instagram-Seite:<\/strong><br \/>\n<a href=\"https:\/\/www.instagram.com\/laetarestavelot\/\">https:\/\/www.instagram.com\/laetarestavelot\/<\/a><\/p>\n<p><strong>Danke an die Spieler der Nationalen Lotterie<\/strong>, dank ihnen unterst\u00fctzt die Nationale Lotterie in diesem Jahr zum 2. Mal das Laetare de Stavelot! <a href=\"https:\/\/www.facebook.com\/hashtag\/bienplusquejouer\">#bienplusquejouer<\/a><\/p>\n<p>&nbsp;<\/p>\n","protected":false},"excerpt":{"rendered":"<p>Samstag, 14. M\u00e4rz 2026 19:00 Uhr: Er\u00f6ffnung des Festzeltes des Festkomitees des Laetare de Stavelot 20:00 Uhr: Ball in der Abtei, beheiztes Zelt. Rein karnevalistische Stimmung mit: Von 22:00 bis 00:00 Uhr: DJ KILIAN Von 00:00 bis 02:00 Uhr: DJ KELLY Von 03:00 bis 05:00 Uhr: DJ LORIS 20:30 Uhr: Stallumez-Vous! N\u00e4chtlicher Umzug voller Humor und Licht. Sonntag, 15. M\u00e4rz 2026 10:00 Uhr: \u00d6ffnung des Festzeltes des Laetare-Festkomitees f\u00fcr die \u00d6ffentlichkeit und Animation durch traditionelle wallonische Gruppen. 10:20 Uhr: Ehrung von Christian Nezer und Pierre Blaise 10:30 Uhr: Ansprachen des [&hellip;]<\/p>\n","protected":false},"author":2,"featured_media":0,"parent":3588,"menu_order":0,"comment_status":"open","ping_status":"open","template":"","meta":{"_acf_changed":false,"footnotes":""},"class_list":["post-3616","page","type-page","status-publish","hentry"],"acf":[],"yoast_head":"<!-- This site is optimized with the Yoast SEO plugin v27.4 - https:\/\/yoast.com\/product\/yoast-seo-wordpress\/ -->\n<title>Programm der 3 Tage - Stavelot, Capitale du Laetare et ses Blancs Moussis (Carnaval Wallon)<\/title>\n<meta name=\"robots\" content=\"index, follow, max-snippet:-1, max-image-preview:large, max-video-preview:-1\" \/>\n<link rel=\"canonical\" href=\"https:\/\/www.laetare-stavelot.be\/de\/laetare-2\/programm-der-3-tage\/\" \/>\n<meta property=\"og:locale\" content=\"de_DE\" \/>\n<meta property=\"og:type\" content=\"article\" \/>\n<meta property=\"og:title\" content=\"Programm der 3 Tage - Stavelot, Capitale du Laetare et ses Blancs Moussis (Carnaval Wallon)\" \/>\n<meta property=\"og:description\" content=\"Samstag, 14. M\u00e4rz 2026 19:00 Uhr: Er\u00f6ffnung des Festzeltes des Festkomitees des Laetare de Stavelot 20:00 Uhr: Ball in der Abtei, beheiztes Zelt. Rein karnevalistische Stimmung mit: Von 22:00 bis 00:00 Uhr: DJ KILIAN Von 00:00 bis 02:00 Uhr: DJ KELLY Von 03:00 bis 05:00 Uhr: DJ LORIS 20:30 Uhr: Stallumez-Vous! N\u00e4chtlicher Umzug voller Humor und Licht. Sonntag, 15. M\u00e4rz 2026 10:00 Uhr: \u00d6ffnung des Festzeltes des Laetare-Festkomitees f\u00fcr die \u00d6ffentlichkeit und Animation durch traditionelle wallonische Gruppen. 10:20 Uhr: Ehrung von Christian Nezer und Pierre Blaise 10:30 Uhr: Ansprachen des [&hellip;]\" \/>\n<meta property=\"og:url\" content=\"https:\/\/www.laetare-stavelot.be\/de\/laetare-2\/programm-der-3-tage\/\" \/>\n<meta property=\"og:site_name\" content=\"Stavelot, Capitale du Laetare et ses Blancs Moussis (Carnaval Wallon)\" \/>\n<meta property=\"article:modified_time\" content=\"2026-03-06T03:30:05+00:00\" \/>\n<meta property=\"og:image\" content=\"https:\/\/www.laetare-stavelot.be\/wp-content\/uploads\/2014\/01\/laetare-stavelot-grosses-tiesses-62.jpg\" \/>\n\t<meta property=\"og:image:width\" content=\"1600\" \/>\n\t<meta property=\"og:image:height\" content=\"900\" \/>\n\t<meta property=\"og:image:type\" content=\"image\/jpeg\" \/>\n<meta name=\"twitter:card\" content=\"summary_large_image\" \/>\n<meta name=\"twitter:label1\" content=\"Gesch\u00e4tzte Lesezeit\" \/>\n\t<meta name=\"twitter:data1\" content=\"3\u00a0Minuten\" \/>\n<script type=\"application\/ld+json\" class=\"yoast-schema-graph\">{\"@context\":\"https:\\\/\\\/schema.org\",\"@graph\":[{\"@type\":\"WebPage\",\"@id\":\"https:\\\/\\\/www.laetare-stavelot.be\\\/de\\\/laetare-2\\\/programm-der-3-tage\\\/\",\"url\":\"https:\\\/\\\/www.laetare-stavelot.be\\\/de\\\/laetare-2\\\/programm-der-3-tage\\\/\",\"name\":\"Programm der 3 Tage - Stavelot, Capitale du Laetare et ses Blancs Moussis (Carnaval Wallon)\",\"isPartOf\":{\"@id\":\"https:\\\/\\\/www.laetare-stavelot.be\\\/#website\"},\"primaryImageOfPage\":{\"@id\":\"https:\\\/\\\/www.laetare-stavelot.be\\\/de\\\/laetare-2\\\/programm-der-3-tage\\\/#primaryimage\"},\"image\":{\"@id\":\"https:\\\/\\\/www.laetare-stavelot.be\\\/de\\\/laetare-2\\\/programm-der-3-tage\\\/#primaryimage\"},\"thumbnailUrl\":\"https:\\\/\\\/www.laetare-stavelot.be\\\/\\\/wp-content\\\/uploads\\\/2014\\\/01\\\/laetare-stavelot-grosses-tiesses-6-300x169.jpg\",\"datePublished\":\"2014-03-13T08:51:13+00:00\",\"dateModified\":\"2026-03-06T03:30:05+00:00\",\"breadcrumb\":{\"@id\":\"https:\\\/\\\/www.laetare-stavelot.be\\\/de\\\/laetare-2\\\/programm-der-3-tage\\\/#breadcrumb\"},\"inLanguage\":\"de\",\"potentialAction\":[{\"@type\":\"ReadAction\",\"target\":[\"https:\\\/\\\/www.laetare-stavelot.be\\\/de\\\/laetare-2\\\/programm-der-3-tage\\\/\"]}]},{\"@type\":\"ImageObject\",\"inLanguage\":\"de\",\"@id\":\"https:\\\/\\\/www.laetare-stavelot.be\\\/de\\\/laetare-2\\\/programm-der-3-tage\\\/#primaryimage\",\"url\":\"https:\\\/\\\/www.laetare-stavelot.be\\\/\\\/wp-content\\\/uploads\\\/2014\\\/01\\\/laetare-stavelot-grosses-tiesses-6-300x169.jpg\",\"contentUrl\":\"https:\\\/\\\/www.laetare-stavelot.be\\\/\\\/wp-content\\\/uploads\\\/2014\\\/01\\\/laetare-stavelot-grosses-tiesses-6-300x169.jpg\"},{\"@type\":\"BreadcrumbList\",\"@id\":\"https:\\\/\\\/www.laetare-stavelot.be\\\/de\\\/laetare-2\\\/programm-der-3-tage\\\/#breadcrumb\",\"itemListElement\":[{\"@type\":\"ListItem\",\"position\":1,\"name\":\"Accueil\",\"item\":\"https:\\\/\\\/www.laetare-stavelot.be\\\/de\\\/\"},{\"@type\":\"ListItem\",\"position\":2,\"name\":\"Laetare\",\"item\":\"https:\\\/\\\/www.laetare-stavelot.be\\\/de\\\/laetare-2\\\/\"},{\"@type\":\"ListItem\",\"position\":3,\"name\":\"Programm der 3 Tage\"}]},{\"@type\":\"WebSite\",\"@id\":\"https:\\\/\\\/www.laetare-stavelot.be\\\/#website\",\"url\":\"https:\\\/\\\/www.laetare-stavelot.be\\\/\",\"name\":\"Stavelot, Capitale du Laetare et ses Blancs Moussis (Carnaval Wallon)\",\"description\":\"518e LAETARE des Blancs-Moussis de Stavelot - 21 -22 -23 mars 2020\",\"potentialAction\":[{\"@type\":\"SearchAction\",\"target\":{\"@type\":\"EntryPoint\",\"urlTemplate\":\"https:\\\/\\\/www.laetare-stavelot.be\\\/?s={search_term_string}\"},\"query-input\":{\"@type\":\"PropertyValueSpecification\",\"valueRequired\":true,\"valueName\":\"search_term_string\"}}],\"inLanguage\":\"de\"}]}<\/script>\n<!-- \/ Yoast SEO plugin. -->","yoast_head_json":{"title":"Programm der 3 Tage - Stavelot, Capitale du Laetare et ses Blancs Moussis (Carnaval Wallon)","robots":{"index":"index","follow":"follow","max-snippet":"max-snippet:-1","max-image-preview":"max-image-preview:large","max-video-preview":"max-video-preview:-1"},"canonical":"https:\/\/www.laetare-stavelot.be\/de\/laetare-2\/programm-der-3-tage\/","og_locale":"de_DE","og_type":"article","og_title":"Programm der 3 Tage - Stavelot, Capitale du Laetare et ses Blancs Moussis (Carnaval Wallon)","og_description":"Samstag, 14. M\u00e4rz 2026 19:00 Uhr: Er\u00f6ffnung des Festzeltes des Festkomitees des Laetare de Stavelot 20:00 Uhr: Ball in der Abtei, beheiztes Zelt. Rein karnevalistische Stimmung mit: Von 22:00 bis 00:00 Uhr: DJ KILIAN Von 00:00 bis 02:00 Uhr: DJ KELLY Von 03:00 bis 05:00 Uhr: DJ LORIS 20:30 Uhr: Stallumez-Vous! N\u00e4chtlicher Umzug voller Humor und Licht. Sonntag, 15. M\u00e4rz 2026 10:00 Uhr: \u00d6ffnung des Festzeltes des Laetare-Festkomitees f\u00fcr die \u00d6ffentlichkeit und Animation durch traditionelle wallonische Gruppen. 10:20 Uhr: Ehrung von Christian Nezer und Pierre Blaise 10:30 Uhr: Ansprachen des [&hellip;]","og_url":"https:\/\/www.laetare-stavelot.be\/de\/laetare-2\/programm-der-3-tage\/","og_site_name":"Stavelot, Capitale du Laetare et ses Blancs Moussis (Carnaval Wallon)","article_modified_time":"2026-03-06T03:30:05+00:00","og_image":[{"width":1600,"height":900,"url":"https:\/\/www.laetare-stavelot.be\/wp-content\/uploads\/2014\/01\/laetare-stavelot-grosses-tiesses-62.jpg","type":"image\/jpeg"}],"twitter_card":"summary_large_image","twitter_misc":{"Gesch\u00e4tzte Lesezeit":"3\u00a0Minuten"},"schema":{"@context":"https:\/\/schema.org","@graph":[{"@type":"WebPage","@id":"https:\/\/www.laetare-stavelot.be\/de\/laetare-2\/programm-der-3-tage\/","url":"https:\/\/www.laetare-stavelot.be\/de\/laetare-2\/programm-der-3-tage\/","name":"Programm der 3 Tage - Stavelot, Capitale du Laetare et ses Blancs Moussis (Carnaval Wallon)","isPartOf":{"@id":"https:\/\/www.laetare-stavelot.be\/#website"},"primaryImageOfPage":{"@id":"https:\/\/www.laetare-stavelot.be\/de\/laetare-2\/programm-der-3-tage\/#primaryimage"},"image":{"@id":"https:\/\/www.laetare-stavelot.be\/de\/laetare-2\/programm-der-3-tage\/#primaryimage"},"thumbnailUrl":"https:\/\/www.laetare-stavelot.be\/\/wp-content\/uploads\/2014\/01\/laetare-stavelot-grosses-tiesses-6-300x169.jpg","datePublished":"2014-03-13T08:51:13+00:00","dateModified":"2026-03-06T03:30:05+00:00","breadcrumb":{"@id":"https:\/\/www.laetare-stavelot.be\/de\/laetare-2\/programm-der-3-tage\/#breadcrumb"},"inLanguage":"de","potentialAction":[{"@type":"ReadAction","target":["https:\/\/www.laetare-stavelot.be\/de\/laetare-2\/programm-der-3-tage\/"]}]},{"@type":"ImageObject","inLanguage":"de","@id":"https:\/\/www.laetare-stavelot.be\/de\/laetare-2\/programm-der-3-tage\/#primaryimage","url":"https:\/\/www.laetare-stavelot.be\/\/wp-content\/uploads\/2014\/01\/laetare-stavelot-grosses-tiesses-6-300x169.jpg","contentUrl":"https:\/\/www.laetare-stavelot.be\/\/wp-content\/uploads\/2014\/01\/laetare-stavelot-grosses-tiesses-6-300x169.jpg"},{"@type":"BreadcrumbList","@id":"https:\/\/www.laetare-stavelot.be\/de\/laetare-2\/programm-der-3-tage\/#breadcrumb","itemListElement":[{"@type":"ListItem","position":1,"name":"Accueil","item":"https:\/\/www.laetare-stavelot.be\/de\/"},{"@type":"ListItem","position":2,"name":"Laetare","item":"https:\/\/www.laetare-stavelot.be\/de\/laetare-2\/"},{"@type":"ListItem","position":3,"name":"Programm der 3 Tage"}]},{"@type":"WebSite","@id":"https:\/\/www.laetare-stavelot.be\/#website","url":"https:\/\/www.laetare-stavelot.be\/","name":"Stavelot, Capitale du Laetare et ses Blancs Moussis (Carnaval Wallon)","description":"518e LAETARE des Blancs-Moussis de Stavelot - 21 -22 -23 mars 2020","potentialAction":[{"@type":"SearchAction","target":{"@type":"EntryPoint","urlTemplate":"https:\/\/www.laetare-stavelot.be\/?s={search_term_string}"},"query-input":{"@type":"PropertyValueSpecification","valueRequired":true,"valueName":"search_term_string"}}],"inLanguage":"de"}]}},"_links":{"self":[{"href":"https:\/\/www.laetare-stavelot.be\/de\/wp-json\/wp\/v2\/pages\/3616","targetHints":{"allow":["GET"]}}],"collection":[{"href":"https:\/\/www.laetare-stavelot.be\/de\/wp-json\/wp\/v2\/pages"}],"about":[{"href":"https:\/\/www.laetare-stavelot.be\/de\/wp-json\/wp\/v2\/types\/page"}],"author":[{"embeddable":true,"href":"https:\/\/www.laetare-stavelot.be\/de\/wp-json\/wp\/v2\/users\/2"}],"replies":[{"embeddable":true,"href":"https:\/\/www.laetare-stavelot.be\/de\/wp-json\/wp\/v2\/comments?post=3616"}],"version-history":[{"count":6,"href":"https:\/\/www.laetare-stavelot.be\/de\/wp-json\/wp\/v2\/pages\/3616\/revisions"}],"predecessor-version":[{"id":25838,"href":"https:\/\/www.laetare-stavelot.be\/de\/wp-json\/wp\/v2\/pages\/3616\/revisions\/25838"}],"up":[{"embeddable":true,"href":"https:\/\/www.laetare-stavelot.be\/de\/wp-json\/wp\/v2\/pages\/3588"}],"wp:attachment":[{"href":"https:\/\/www.laetare-stavelot.be\/de\/wp-json\/wp\/v2\/media?parent=3616"}],"curies":[{"name":"wp","href":"https:\/\/api.w.org\/{rel}","templated":true}]}}