{"id":3622,"date":"2014-03-13T09:53:18","date_gmt":"2014-03-13T08:53:18","guid":{"rendered":"http:\/\/www.laetare-stavelot.be\/?page_id=3622"},"modified":"2021-07-02T18:31:07","modified_gmt":"2021-07-02T17:31:07","slug":"ein-wenig-geschichte","status":"publish","type":"page","link":"https:\/\/www.laetare-stavelot.be\/de\/laetare-2\/ein-wenig-geschichte\/","title":{"rendered":"Ein wenig Geschichte"},"content":{"rendered":"<p>Ursprung<\/p>\n<p><img loading=\"lazy\" decoding=\"async\" class=\"alignright size-medium wp-image-790\" src=\"https:\/\/www.laetare-stavelot.be\/\/wp-content\/uploads\/2014\/01\/laetare-2012-blancs-moussis-6-300x169.jpg\" alt=\"laetare-2012-blancs-moussis-6\" width=\"300\" height=\"168\" srcset=\"https:\/\/www.laetare-stavelot.be\/wp-content\/uploads\/2014\/01\/laetare-2012-blancs-moussis-6-300x169.jpg 300w, https:\/\/www.laetare-stavelot.be\/wp-content\/uploads\/2014\/01\/laetare-2012-blancs-moussis-6-768x432.jpg 768w, https:\/\/www.laetare-stavelot.be\/wp-content\/uploads\/2014\/01\/laetare-2012-blancs-moussis-6.jpg 1600w, https:\/\/www.laetare-stavelot.be\/wp-content\/uploads\/2014\/01\/laetare-2012-blancs-moussis-6-360x200.jpg 360w, https:\/\/www.laetare-stavelot.be\/wp-content\/uploads\/2014\/01\/laetare-2012-blancs-moussis-6-320x180.jpg 320w\" sizes=\"auto, (max-width: 300px) 100vw, 300px\" \/><\/p>\n<p>1502 : Entstehung der Blancs Moussis.<\/p>\n<p>Der herrschende F\u00fcrst und Abt verbot den M\u00f6nchen die Teilnahme an den volkst\u00fcmlichen Belustigungen. Das Volk vermisste diese fr\u00f6hliche Beteiligung der M\u00f6nche; es kleidete sich in Kapuzengew\u00e4nder und imitierte somit ihre Kleidung sowie ihre Kleiderfarbe. Nach einem erneuten Verbot erinnerte man mit einem einheitlichen \u2013 wei\u00dfen \u2013 Gewand ziemlich unverhohlen an die M\u00f6nchskutte. Eine heitere Maske mit langer Nase erg\u00e4nzte die Aufmachung.<\/p>\n<p>Diese Legende ist heute allgemein anerkannt ; sie nahm 1947 konkret Gestalt an und erhielt durch Walter Fostier, der auch der Gr\u00fcnder dieser pseudogeschichtlichen Fantasie genannt wird, die Struktur einer Bruderschaft. Als Freund von Stavelot und der \u00f6rtlichen Folklore trug er 1950 zum Entstehen eines Ehrenritterordens von erstaunlichem Ansehen bei.<\/p>\n<p>Im Laufe des 19. Jahrhunderts entstanden andere Gesellschaften : \u00abGais Amis\u00bb, \u00abOrph\u00e9e\u00bb, \u00abBourgeoise\u00bb,<br \/>\n\u00abEmulation\u00bb. Die beiden Musikvereine sind auch heute noch, zu Beginn des 21. Jahrhunderts, sehr aktiv. Am Ende des 19. Jahrhunderts gab es schwierige Zeiten, so dass die Freuden des Laetare eine willkommene gesellschaftliche Hilfe boten. Es war auch die Geburtsstunde der \u00abArtisans\u00bb.<\/p>\n<p>Im Laufe der ersten H\u00e4lfte des 20. Jahrhunderts setzte sich die Vereinigung \u00abStavelot-Attractions\u00bb sehr f\u00fcr die F\u00f6rderung des Fremdenverkehrs ein; dies f\u00fchrte zur Gr\u00fcndung von \u00abStavelot-Commerces\u00bb. Die \u00abBons Amis\u00bb waren die treibende Kraft bei dem Aufschwung, unterst\u00fctzt durch das \u00abComit\u00e9 Saint-Laurent\u00bb,&#8230; \u00abOrph\u00e9e\u00bb, &#8230; \u00abEmulation\u00bb und sodann einen Festausschuss.<\/p>\n<p>Nach <b>1945<\/b> entstand die \u00abConfr\u00e9rie des Blancs Moussis\u00bb dank der Unterst\u00fctzung durch 21 junge M\u00e4nner; es war auch eine Neubelebung. <b>1950<\/b> nahm die Gruppe \u00abR\u00e9veil Ardennais\u00bb am Laetare teil. In diesem Jahrzehnt gab es eine gro\u00dfe Entwicklung in der Folklore und im Fremdenverkehr.<\/p>\n<p>* Les Grosses T\u00eates de Parfondruy<br \/>\n* Le Quartier Saint-Louis<br \/>\n* Les Amis de la campagne de Masta<br \/>\n* Les Ch\u0153urs mixtes Fran\u00e7ois Prume<br \/>\n* Le Quartier Saint-Laurent<br \/>\n* L\u2019Emulation et les Bons Amis<br \/>\n* Les Joyeux Carnavaleurs<br \/>\n* La Dramatique de Masta<br \/>\n* La Colombe<br \/>\n* Festausschuss<br \/>\n* Les Blancs Moussis<\/p>\n<p>lie\u00dfen den Stern des Laetare am Firmament der wallonischen und europ\u00e4ischen Folklore erstrahlen (40.000 Menschen im Jahr 1954).<\/p>\n<p>Parallel zur Entwicklung des Laetare beg\u00fcnstigten die \u00abGolden Sixties\u00bb die kulturelle Entwicklung. Das Musikfestival, das Theaterfestival (die VTS), die Kolloquien Guillaume Apollinaire, eine Ausstellung \u00abReligi\u00f6se Sch\u00e4tze\u00bb, das Museum der Rennstrecke Spa-Francorchamps wurden ins Leben gerufen.<\/p>\n<p>Eine Besonderheit des Laetare von Stavelot ist, dass er das gemeinsame Werk eines ganzen Ortes ist.<\/p>\n<p>* Artisans R\u00e9unis<br \/>\n* Blancs Moussis<br \/>\n* Clownettes<br \/>\n* Clowns Cyclistes<br \/>\n* Djoye\u00fbs Cooytais<br \/>\n* Djoye\u00fbs Pign\u2019te\u00fbs<br \/>\n* Emulation<br \/>\n* Grosses Ti\u00e8sses<br \/>\n* Jeunesse Stavelotaine<br \/>\n* Joyeux Lurons<br \/>\n* Mums<br \/>\n* Lollipops<br \/>\n* Luitons<br \/>\n* Orph\u00e9e<br \/>\n* R\u00e9veil Ardennais<br \/>\n* Ribambelle<br \/>\n* Saint-Louis<br \/>\n* Tch\u00e8ts d\u2019Nute<br \/>\n* V\u00e9t\u00e9rans<br \/>\n* Vive la F\u00eate<br \/>\n* Zygomars<\/p>\n<p>str\u00f6men durch die Stra\u00dfen und beleben einen Umzug mit \u00fcber 2000 Teilnehmern, die meisten aus Stavelot. Jeder dritte Einwohner ist aktiv beteiligt. Stavelot ist tats\u00e4chlich die Hauptstadt des Laetare.<\/p>\n<p>Das Interesse der Wallonischen Region am reichen folkloristischen und kulturellen Erbe erm\u00f6glicht einen neuen Aufschwung, sowohl f\u00fcr die renovierte Abtei als auch Stavelot und die Bev\u00f6lkerung<\/p>\n","protected":false},"excerpt":{"rendered":"<p>Ursprung 1502 : Entstehung der Blancs Moussis. Der herrschende F\u00fcrst und Abt verbot den M\u00f6nchen die Teilnahme an den volkst\u00fcmlichen Belustigungen. Das Volk vermisste diese fr\u00f6hliche Beteiligung der M\u00f6nche; es kleidete sich in Kapuzengew\u00e4nder und imitierte somit ihre Kleidung sowie ihre Kleiderfarbe. Nach einem erneuten Verbot erinnerte man mit einem einheitlichen \u2013 wei\u00dfen \u2013 Gewand ziemlich unverhohlen an die M\u00f6nchskutte. Eine heitere Maske mit langer Nase erg\u00e4nzte die Aufmachung. Diese Legende ist heute allgemein anerkannt ; sie nahm 1947 konkret Gestalt an und erhielt durch Walter Fostier, der auch der [&hellip;]<\/p>\n","protected":false},"author":2,"featured_media":0,"parent":3588,"menu_order":0,"comment_status":"open","ping_status":"open","template":"","meta":{"_acf_changed":false,"footnotes":""},"class_list":["post-3622","page","type-page","status-publish","hentry"],"acf":[],"yoast_head":"<!-- This site is optimized with the Yoast SEO plugin v27.4 - https:\/\/yoast.com\/product\/yoast-seo-wordpress\/ -->\n<title>Ein wenig Geschichte - Stavelot, Capitale du Laetare et ses Blancs Moussis (Carnaval Wallon)<\/title>\n<meta name=\"robots\" content=\"index, follow, max-snippet:-1, max-image-preview:large, max-video-preview:-1\" \/>\n<link rel=\"canonical\" href=\"https:\/\/www.laetare-stavelot.be\/de\/laetare-2\/ein-wenig-geschichte\/\" \/>\n<meta property=\"og:locale\" content=\"de_DE\" \/>\n<meta property=\"og:type\" content=\"article\" \/>\n<meta property=\"og:title\" content=\"Ein wenig Geschichte - Stavelot, Capitale du Laetare et ses Blancs Moussis (Carnaval Wallon)\" \/>\n<meta property=\"og:description\" content=\"Ursprung 1502 : Entstehung der Blancs Moussis. Der herrschende F\u00fcrst und Abt verbot den M\u00f6nchen die Teilnahme an den volkst\u00fcmlichen Belustigungen. Das Volk vermisste diese fr\u00f6hliche Beteiligung der M\u00f6nche; es kleidete sich in Kapuzengew\u00e4nder und imitierte somit ihre Kleidung sowie ihre Kleiderfarbe. Nach einem erneuten Verbot erinnerte man mit einem einheitlichen \u2013 wei\u00dfen \u2013 Gewand ziemlich unverhohlen an die M\u00f6nchskutte. Eine heitere Maske mit langer Nase erg\u00e4nzte die Aufmachung. Diese Legende ist heute allgemein anerkannt ; sie nahm 1947 konkret Gestalt an und erhielt durch Walter Fostier, der auch der [&hellip;]\" \/>\n<meta property=\"og:url\" content=\"https:\/\/www.laetare-stavelot.be\/de\/laetare-2\/ein-wenig-geschichte\/\" \/>\n<meta property=\"og:site_name\" content=\"Stavelot, Capitale du Laetare et ses Blancs Moussis (Carnaval Wallon)\" \/>\n<meta property=\"article:modified_time\" content=\"2021-07-02T17:31:07+00:00\" \/>\n<meta property=\"og:image\" content=\"https:\/\/www.laetare-stavelot.be\/\/wp-content\/uploads\/2014\/01\/laetare-2012-blancs-moussis-6-300x169.jpg\" \/>\n<meta name=\"twitter:card\" content=\"summary_large_image\" \/>\n<meta name=\"twitter:label1\" content=\"Gesch\u00e4tzte Lesezeit\" \/>\n\t<meta name=\"twitter:data1\" content=\"2\u00a0Minuten\" \/>\n<script type=\"application\/ld+json\" class=\"yoast-schema-graph\">{\"@context\":\"https:\\\/\\\/schema.org\",\"@graph\":[{\"@type\":\"WebPage\",\"@id\":\"https:\\\/\\\/www.laetare-stavelot.be\\\/de\\\/laetare-2\\\/ein-wenig-geschichte\\\/\",\"url\":\"https:\\\/\\\/www.laetare-stavelot.be\\\/de\\\/laetare-2\\\/ein-wenig-geschichte\\\/\",\"name\":\"Ein wenig Geschichte - Stavelot, Capitale du Laetare et ses Blancs Moussis (Carnaval Wallon)\",\"isPartOf\":{\"@id\":\"https:\\\/\\\/www.laetare-stavelot.be\\\/#website\"},\"primaryImageOfPage\":{\"@id\":\"https:\\\/\\\/www.laetare-stavelot.be\\\/de\\\/laetare-2\\\/ein-wenig-geschichte\\\/#primaryimage\"},\"image\":{\"@id\":\"https:\\\/\\\/www.laetare-stavelot.be\\\/de\\\/laetare-2\\\/ein-wenig-geschichte\\\/#primaryimage\"},\"thumbnailUrl\":\"https:\\\/\\\/www.laetare-stavelot.be\\\/\\\/wp-content\\\/uploads\\\/2014\\\/01\\\/laetare-2012-blancs-moussis-6-300x169.jpg\",\"datePublished\":\"2014-03-13T08:53:18+00:00\",\"dateModified\":\"2021-07-02T17:31:07+00:00\",\"breadcrumb\":{\"@id\":\"https:\\\/\\\/www.laetare-stavelot.be\\\/de\\\/laetare-2\\\/ein-wenig-geschichte\\\/#breadcrumb\"},\"inLanguage\":\"de\",\"potentialAction\":[{\"@type\":\"ReadAction\",\"target\":[\"https:\\\/\\\/www.laetare-stavelot.be\\\/de\\\/laetare-2\\\/ein-wenig-geschichte\\\/\"]}]},{\"@type\":\"ImageObject\",\"inLanguage\":\"de\",\"@id\":\"https:\\\/\\\/www.laetare-stavelot.be\\\/de\\\/laetare-2\\\/ein-wenig-geschichte\\\/#primaryimage\",\"url\":\"https:\\\/\\\/www.laetare-stavelot.be\\\/\\\/wp-content\\\/uploads\\\/2014\\\/01\\\/laetare-2012-blancs-moussis-6-300x169.jpg\",\"contentUrl\":\"https:\\\/\\\/www.laetare-stavelot.be\\\/\\\/wp-content\\\/uploads\\\/2014\\\/01\\\/laetare-2012-blancs-moussis-6-300x169.jpg\"},{\"@type\":\"BreadcrumbList\",\"@id\":\"https:\\\/\\\/www.laetare-stavelot.be\\\/de\\\/laetare-2\\\/ein-wenig-geschichte\\\/#breadcrumb\",\"itemListElement\":[{\"@type\":\"ListItem\",\"position\":1,\"name\":\"Accueil\",\"item\":\"https:\\\/\\\/www.laetare-stavelot.be\\\/de\\\/\"},{\"@type\":\"ListItem\",\"position\":2,\"name\":\"Laetare\",\"item\":\"https:\\\/\\\/www.laetare-stavelot.be\\\/de\\\/laetare-2\\\/\"},{\"@type\":\"ListItem\",\"position\":3,\"name\":\"Ein wenig Geschichte\"}]},{\"@type\":\"WebSite\",\"@id\":\"https:\\\/\\\/www.laetare-stavelot.be\\\/#website\",\"url\":\"https:\\\/\\\/www.laetare-stavelot.be\\\/\",\"name\":\"Stavelot, Capitale du Laetare et ses Blancs Moussis (Carnaval Wallon)\",\"description\":\"518e LAETARE des Blancs-Moussis de Stavelot - 21 -22 -23 mars 2020\",\"potentialAction\":[{\"@type\":\"SearchAction\",\"target\":{\"@type\":\"EntryPoint\",\"urlTemplate\":\"https:\\\/\\\/www.laetare-stavelot.be\\\/?s={search_term_string}\"},\"query-input\":{\"@type\":\"PropertyValueSpecification\",\"valueRequired\":true,\"valueName\":\"search_term_string\"}}],\"inLanguage\":\"de\"}]}<\/script>\n<!-- \/ Yoast SEO plugin. -->","yoast_head_json":{"title":"Ein wenig Geschichte - Stavelot, Capitale du Laetare et ses Blancs Moussis (Carnaval Wallon)","robots":{"index":"index","follow":"follow","max-snippet":"max-snippet:-1","max-image-preview":"max-image-preview:large","max-video-preview":"max-video-preview:-1"},"canonical":"https:\/\/www.laetare-stavelot.be\/de\/laetare-2\/ein-wenig-geschichte\/","og_locale":"de_DE","og_type":"article","og_title":"Ein wenig Geschichte - Stavelot, Capitale du Laetare et ses Blancs Moussis (Carnaval Wallon)","og_description":"Ursprung 1502 : Entstehung der Blancs Moussis. Der herrschende F\u00fcrst und Abt verbot den M\u00f6nchen die Teilnahme an den volkst\u00fcmlichen Belustigungen. Das Volk vermisste diese fr\u00f6hliche Beteiligung der M\u00f6nche; es kleidete sich in Kapuzengew\u00e4nder und imitierte somit ihre Kleidung sowie ihre Kleiderfarbe. Nach einem erneuten Verbot erinnerte man mit einem einheitlichen \u2013 wei\u00dfen \u2013 Gewand ziemlich unverhohlen an die M\u00f6nchskutte. Eine heitere Maske mit langer Nase erg\u00e4nzte die Aufmachung. Diese Legende ist heute allgemein anerkannt ; sie nahm 1947 konkret Gestalt an und erhielt durch Walter Fostier, der auch der [&hellip;]","og_url":"https:\/\/www.laetare-stavelot.be\/de\/laetare-2\/ein-wenig-geschichte\/","og_site_name":"Stavelot, Capitale du Laetare et ses Blancs Moussis (Carnaval Wallon)","article_modified_time":"2021-07-02T17:31:07+00:00","og_image":[{"url":"https:\/\/www.laetare-stavelot.be\/\/wp-content\/uploads\/2014\/01\/laetare-2012-blancs-moussis-6-300x169.jpg","type":"","width":"","height":""}],"twitter_card":"summary_large_image","twitter_misc":{"Gesch\u00e4tzte Lesezeit":"2\u00a0Minuten"},"schema":{"@context":"https:\/\/schema.org","@graph":[{"@type":"WebPage","@id":"https:\/\/www.laetare-stavelot.be\/de\/laetare-2\/ein-wenig-geschichte\/","url":"https:\/\/www.laetare-stavelot.be\/de\/laetare-2\/ein-wenig-geschichte\/","name":"Ein wenig Geschichte - Stavelot, Capitale du Laetare et ses Blancs Moussis (Carnaval Wallon)","isPartOf":{"@id":"https:\/\/www.laetare-stavelot.be\/#website"},"primaryImageOfPage":{"@id":"https:\/\/www.laetare-stavelot.be\/de\/laetare-2\/ein-wenig-geschichte\/#primaryimage"},"image":{"@id":"https:\/\/www.laetare-stavelot.be\/de\/laetare-2\/ein-wenig-geschichte\/#primaryimage"},"thumbnailUrl":"https:\/\/www.laetare-stavelot.be\/\/wp-content\/uploads\/2014\/01\/laetare-2012-blancs-moussis-6-300x169.jpg","datePublished":"2014-03-13T08:53:18+00:00","dateModified":"2021-07-02T17:31:07+00:00","breadcrumb":{"@id":"https:\/\/www.laetare-stavelot.be\/de\/laetare-2\/ein-wenig-geschichte\/#breadcrumb"},"inLanguage":"de","potentialAction":[{"@type":"ReadAction","target":["https:\/\/www.laetare-stavelot.be\/de\/laetare-2\/ein-wenig-geschichte\/"]}]},{"@type":"ImageObject","inLanguage":"de","@id":"https:\/\/www.laetare-stavelot.be\/de\/laetare-2\/ein-wenig-geschichte\/#primaryimage","url":"https:\/\/www.laetare-stavelot.be\/\/wp-content\/uploads\/2014\/01\/laetare-2012-blancs-moussis-6-300x169.jpg","contentUrl":"https:\/\/www.laetare-stavelot.be\/\/wp-content\/uploads\/2014\/01\/laetare-2012-blancs-moussis-6-300x169.jpg"},{"@type":"BreadcrumbList","@id":"https:\/\/www.laetare-stavelot.be\/de\/laetare-2\/ein-wenig-geschichte\/#breadcrumb","itemListElement":[{"@type":"ListItem","position":1,"name":"Accueil","item":"https:\/\/www.laetare-stavelot.be\/de\/"},{"@type":"ListItem","position":2,"name":"Laetare","item":"https:\/\/www.laetare-stavelot.be\/de\/laetare-2\/"},{"@type":"ListItem","position":3,"name":"Ein wenig Geschichte"}]},{"@type":"WebSite","@id":"https:\/\/www.laetare-stavelot.be\/#website","url":"https:\/\/www.laetare-stavelot.be\/","name":"Stavelot, Capitale du Laetare et ses Blancs Moussis (Carnaval Wallon)","description":"518e LAETARE des Blancs-Moussis de Stavelot - 21 -22 -23 mars 2020","potentialAction":[{"@type":"SearchAction","target":{"@type":"EntryPoint","urlTemplate":"https:\/\/www.laetare-stavelot.be\/?s={search_term_string}"},"query-input":{"@type":"PropertyValueSpecification","valueRequired":true,"valueName":"search_term_string"}}],"inLanguage":"de"}]}},"_links":{"self":[{"href":"https:\/\/www.laetare-stavelot.be\/de\/wp-json\/wp\/v2\/pages\/3622","targetHints":{"allow":["GET"]}}],"collection":[{"href":"https:\/\/www.laetare-stavelot.be\/de\/wp-json\/wp\/v2\/pages"}],"about":[{"href":"https:\/\/www.laetare-stavelot.be\/de\/wp-json\/wp\/v2\/types\/page"}],"author":[{"embeddable":true,"href":"https:\/\/www.laetare-stavelot.be\/de\/wp-json\/wp\/v2\/users\/2"}],"replies":[{"embeddable":true,"href":"https:\/\/www.laetare-stavelot.be\/de\/wp-json\/wp\/v2\/comments?post=3622"}],"version-history":[{"count":0,"href":"https:\/\/www.laetare-stavelot.be\/de\/wp-json\/wp\/v2\/pages\/3622\/revisions"}],"up":[{"embeddable":true,"href":"https:\/\/www.laetare-stavelot.be\/de\/wp-json\/wp\/v2\/pages\/3588"}],"wp:attachment":[{"href":"https:\/\/www.laetare-stavelot.be\/de\/wp-json\/wp\/v2\/media?parent=3622"}],"curies":[{"name":"wp","href":"https:\/\/api.w.org\/{rel}","templated":true}]}}