{"id":3559,"date":"2014-03-13T08:36:01","date_gmt":"2014-03-13T07:36:01","guid":{"rendered":"http:\/\/www.laetare-stavelot.be\/?page_id=3559"},"modified":"2014-03-13T08:36:01","modified_gmt":"2014-03-13T07:36:01","slug":"diary","status":"publish","type":"page","link":"https:\/\/www.laetare-stavelot.be\/en\/diary\/","title":{"rendered":"Diary"},"content":{"rendered":"<div id=\"calendarize_0\" class=\"rhcalendar  not-widget rhc_holder\" data-rhc_ui_theme=\"\" data-rhc_options=\"{&quot;editable&quot;:false,&quot;mode&quot;:&quot;view&quot;,&quot;modes&quot;:{&quot;view&quot;:{&quot;label&quot;:&quot;View&quot;,&quot;options&quot;:{&quot;weekNumberTitle&quot;:&quot;W&quot;,&quot;weekNumbers&quot;:false,&quot;loadingOverlay&quot;:&quot;1&quot;,&quot;weekMode&quot;:&quot;fixed&quot;,&quot;header&quot;:{&quot;left&quot;:&quot;rhc_search prevYear,prev,next,nextYear today&quot;,&quot;center&quot;:&quot;title&quot;,&quot;right&quot;:&quot;month,agendaWeek,agendaDay,rhc_event&quot;},&quot;events_source&quot;:&quot;https:\\\/\\\/www.laetare-stavelot.be\\\/en\\\/?rhc_action=get_calendar_events&quot;,&quot;events_source_query&quot;:&quot;&amp;post_type[]=events&quot;,&quot;defaultView&quot;:&quot;rhc_event&quot;,&quot;aspectRatio&quot;:&quot;1.35&quot;,&quot;weekends&quot;:true,&quot;allDayDefault&quot;:true,&quot;titleFormat&quot;:{&quot;month&quot;:&quot;MMMM yyyy&quot;,&quot;week&quot;:&quot;MMM d[ yyyy]{ '\\u2014'[ MMM] d yyyy}&quot;,&quot;day&quot;:&quot;dddd, MMM d, yyyy&quot;},&quot;mobile_month_cell_num_format&quot;:&quot;d&quot;,&quot;columnFormat&quot;:{&quot;month&quot;:&quot;ddd&quot;,&quot;week&quot;:&quot;ddd M\\\/d&quot;,&quot;day&quot;:&quot;dddd M\\\/d&quot;},&quot;timeFormat&quot;:{&quot;month&quot;:&quot;HH:mm&quot;,&quot;week&quot;:&quot;h:mm{ - h:mm}&quot;,&quot;day&quot;:&quot;h:mm{ - h:mm}&quot;,&quot;&quot;:&quot;h(:mm)t&quot;},&quot;tooltip&quot;:{&quot;startDate&quot;:&quot;ddd MMMM d, yyyy h:mm TT&quot;,&quot;startDateAllDay&quot;:&quot;ddd MMMM d, yyyy&quot;,&quot;endDate&quot;:&quot;ddd MMMM d, yyyy h:mm TT&quot;,&quot;endDateAllDay&quot;:&quot;ddd MMMM d, yyyy&quot;,&quot;target&quot;:&quot;_parent&quot;,&quot;disableTitleLink&quot;:&quot;0&quot;,&quot;enableCustom&quot;:true,&quot;taxonomy_links&quot;:false,&quot;image&quot;:1,&quot;excerpt&quot;:1},&quot;tooltip_on_hover&quot;:&quot;0&quot;,&quot;tooltip_close_on_title_leave&quot;:&quot;0&quot;,&quot;tooltip_close_on_outside_click&quot;:&quot;0&quot;,&quot;axisFormat&quot;:&quot;h(:mm)tt&quot;,&quot;isRTL&quot;:false,&quot;firstDay&quot;:1,&quot;monthNames&quot;:[&quot;January&quot;,&quot;February&quot;,&quot;March&quot;,&quot;April&quot;,&quot;May&quot;,&quot;June&quot;,&quot;July&quot;,&quot;August&quot;,&quot;September&quot;,&quot;October&quot;,&quot;November&quot;,&quot;December&quot;],&quot;monthNamesShort&quot;:[&quot;Jan&quot;,&quot;Feb&quot;,&quot;Mar&quot;,&quot;Apr&quot;,&quot;May&quot;,&quot;Jun&quot;,&quot;Jul&quot;,&quot;Aug&quot;,&quot;Sep&quot;,&quot;Oct&quot;,&quot;Nov&quot;,&quot;Dec&quot;],&quot;dayNames&quot;:[&quot;Sunday&quot;,&quot;Monday&quot;,&quot;Tuesday&quot;,&quot;Wednesday&quot;,&quot;Thursday&quot;,&quot;Friday&quot;,&quot;Saturday&quot;],&quot;dayNamesShort&quot;:[&quot;Sun&quot;,&quot;Mon&quot;,&quot;Tue&quot;,&quot;Wed&quot;,&quot;Thu&quot;,&quot;Fri&quot;,&quot;Sat&quot;],&quot;buttonText&quot;:{&quot;today&quot;:&quot;today&quot;,&quot;month&quot;:&quot;month&quot;,&quot;week&quot;:&quot;week&quot;,&quot;day&quot;:&quot;day&quot;,&quot;prev&quot;:&quot;&quot;,&quot;next&quot;:&quot;&quot;,&quot;prevYear&quot;:&quot;&quot;,&quot;nextYear&quot;:&quot;&quot;,&quot;rhc_search&quot;:&quot;Calendar&quot;,&quot;rhc_event&quot;:&quot;event&quot;,&quot;rhc_detail&quot;:&quot;detail&quot;,&quot;rhc_gmap&quot;:&quot;map&quot;,&quot;rhc_filter&quot;:&quot;&amp;nbsp;&quot;},&quot;buttonIcons&quot;:{&quot;prev&quot;:&quot;circle-triangle-w&quot;,&quot;next&quot;:&quot;circle-triangle-e&quot;},&quot;transition&quot;:{&quot;notransition&quot;:&quot;0&quot;,&quot;easing&quot;:&quot;easeInOutExpo&quot;,&quot;duration&quot;:&quot;600&quot;,&quot;direction&quot;:&quot;horizontal&quot;},&quot;eventList&quot;:{&quot;TitleFormat&quot;:&quot;MMMM yyyy&quot;,&quot;DateFormat&quot;:&quot;dddd dd MMMM yyyy&quot;,&quot;StartDateFormat&quot;:&quot;dddd dd MMMM yyyy, hh:mm&quot;,&quot;StartDateFormatAllDay&quot;:&quot;dddd dd MMMM yyyy, hh:mm&quot;,&quot;ShowHeader&quot;:&quot;1&quot;,&quot;eventListNoEventsText&quot;:&quot;Pas d'\\u00e9v\\u00e9nement \\u00e0 venir pour la p\\u00e9riode choisie&quot;,&quot;monthsahead&quot;:&quot;3&quot;,&quot;daysahead&quot;:&quot;&quot;,&quot;upcoming&quot;:&quot;0&quot;,&quot;reverse&quot;:&quot;0&quot;,&quot;display&quot;:&quot;&quot;,&quot;outofrange&quot;:&quot;1&quot;,&quot;eventlist_template&quot;:&quot;&quot;,&quot;extDateFormat&quot;:&quot;MMMM d, yyyy&quot;,&quot;extTimeFormat&quot;:&quot;h:mm tt&quot;,&quot;extDateTimeFormat&quot;:&quot;MMMM d, yyyy.  h:mm tt&quot;,&quot;extendedDetails&quot;:&quot;0&quot;,&quot;delta&quot;:&quot;&quot;,&quot;stack&quot;:&quot;0&quot;,&quot;auto&quot;:&quot;0&quot;,&quot;scrolloffset&quot;:&quot;&quot;,&quot;removeended&quot;:&quot;0&quot;},&quot;widgetlist&quot;:{&quot;sel&quot;:&quot;&quot;,&quot;number&quot;:&quot;&quot;,&quot;showimage&quot;:&quot;&quot;,&quot;fcdate_format&quot;:&quot;&quot;,&quot;fctime_format&quot;:&quot;&quot;,&quot;start&quot;:&quot;&quot;,&quot;end&quot;:&quot;&quot;,&quot;horizon&quot;:&quot;&quot;,&quot;using_calendar_url&quot;:&quot;&quot;,&quot;loading_method&quot;:&quot;&quot;,&quot;historic&quot;:&quot;&quot;,&quot;specific_date&quot;:&quot;&quot;,&quot;words&quot;:&quot;10&quot;,&quot;dayspast&quot;:0,&quot;premiere&quot;:&quot;&quot;},&quot;eventClick&quot;:fc_click,&quot;eventMouseover&quot;:fc_mouseover,&quot;singleSource&quot;:&quot;https:\\\/\\\/www.laetare-stavelot.be\\\/?rhc_action=get_rendered_item&quot;,&quot;for_widget&quot;:0,&quot;widget_dayclick&quot;:&quot;&quot;,&quot;widget_link&quot;:&quot;&quot;,&quot;widget_link_view&quot;:&quot;&quot;,&quot;widget_google_map&quot;:&quot;interactive&quot;,&quot;widget_onechardaylabel&quot;:&quot;&quot;,&quot;widget_autohover&quot;:&quot;&quot;,&quot;widget_autoclick&quot;:&quot;&quot;,&quot;widget_hformat&quot;:&quot;&quot;,&quot;gotodate&quot;:&quot;&quot;,&quot;ev_calendar&quot;:&quot;&quot;,&quot;ev_venue&quot;:&quot;&quot;,&quot;ev_organizer&quot;:&quot;&quot;,&quot;allDaySlot&quot;:true,&quot;allDayText&quot;:&quot;all-day&quot;,&quot;firstHour&quot;:&quot;6&quot;,&quot;slotMinutes&quot;:30,&quot;minTime&quot;:&quot;0&quot;,&quot;maxTime&quot;:&quot;24&quot;,&quot;json_feed&quot;:false,&quot;json_only&quot;:0,&quot;tax_filter&quot;:&quot;1&quot;,&quot;tax_filter_label&quot;:{&quot;year&quot;:&quot;Year&quot;,&quot;month&quot;:&quot;Month&quot;},&quot;tax_filter_skip&quot;:[],&quot;tax_filter_include&quot;:[],&quot;tax_filter_multiple&quot;:1,&quot;sidelist&quot;:{&quot;open&quot;:&quot;0&quot;,&quot;link_target&quot;:&quot;_blank&quot;,&quot;template&quot;:&quot;#sidelist_template_calendarize_0&quot;,&quot;labels&quot;:{&quot;tab&quot;:&quot;Event list&quot;}},&quot;hiddenDays&quot;:[],&quot;skipMonths&quot;:[],&quot;matchBackground&quot;:&quot;0&quot;,&quot;shrink&quot;:&quot;1&quot;,&quot;month_event_image&quot;:&quot;0&quot;,&quot;upcoming&quot;:&quot;0&quot;,&quot;upcoming_trim_past&quot;:&quot;0&quot;,&quot;left_trim_date&quot;:&quot;0&quot;,&quot;right_trim_date&quot;:&quot;0&quot;,&quot;nextDayThreshold&quot;:&quot;&quot;,&quot;showothermonth&quot;:&quot;1&quot;,&quot;feed&quot;:&quot;&quot;,&quot;norepeat&quot;:&quot;0&quot;,&quot;event_skip&quot;:0,&quot;local_tz&quot;:0,&quot;debugjs&quot;:0,&quot;preload&quot;:0,&quot;allday_group&quot;:0,&quot;max_events&quot;:0,&quot;render_events&quot;:1,&quot;fixed_title&quot;:&quot;&quot;,&quot;btn_tax_parent_only&quot;:&quot;0&quot;,&quot;term_post_count&quot;:&quot;0&quot;,&quot;selectable&quot;:&quot;&quot;,&quot;selectHelper&quot;:&quot;&quot;,&quot;select&quot;:&quot;&quot;}}},&quot;common&quot;:{&quot;theme&quot;:false,&quot;icalendar_align&quot;:&quot;right&quot;}}\"><div class=\"fullCalendar\"><\/div><div class=\"fc-filters-dialog-holder fc-display-none\" style=\"display:none;\">\n\t<div class=\"fc-filters-dialog\">\n\t\t<div class=\"fbd-main-holder\">\n\t\t\t<div class=\"fbd-head\">\n\t\t\t\t<div class=\"fbd-close-tooltip rhc-close-icon\"><a title=\"Close dialog\" href=\"javascript:void(0);\"><\/a><\/div>\t\t\t\n\t\t\t<\/div>\n\t\t\t<div class=\"fbd-body\">\n\t\t\t\t\t\t\t\t<div class=\"fbd-dialog-content\">\n<ul class='fbd-ul'><li class=\"fbd-tabs\"><a data-tab-target=\".tab-calendar\">Calendars<\/a><\/li><li class=\"fbd-tabs\"><a data-tab-target=\".tab-organizer\">Organizers<\/a><\/li><li class=\"fbd-tabs\"><a data-tab-target=\".tab-venue\">Venues<\/a><\/li><\/ul><div data-taxonomy=\"calendar\" class='fbd-filter-group fbd-tabs-panel tab-calendar'>\n<div class=\"fbd-checked\"><\/div>\n<div class=\"fbd-unchecked\">\n<div data-tab-index=\"0\" class=\"fbd-cell\"><label for=\"calendar_laetare-fr-en_0\"><input  data-taxonomy=\"calendar\" id=\"calendar_laetare-fr-en_0\" class=\"fbd-checkbox fbd-filter\" type=\"checkbox\" name=\"calendar_laetare-fr-en\" value=\"laetare-fr-en\" title=\"Cort\u00e8ges du Laetare\" data-parent=\"0\" data-count=\"2\" \/>&nbsp;<span class=\"fbd-term-label\">Cort\u00e8ges du Laetare<\/span><\/label><\/div>\n<\/div>\n<div class=\"fbd-clear\"><\/div>\n<\/div>\n<div data-taxonomy=\"organizer\" class='fbd-filter-group fbd-tabs-panel tab-organizer'>\n<div class=\"fbd-checked\"><\/div>\n<div class=\"fbd-unchecked\">\n<div data-tab-index=\"0\" class=\"fbd-cell\"><label for=\"organizer_comite-des-fetes-du-laetare-de-stavelot-en_0\"><input  data-taxonomy=\"organizer\" id=\"organizer_comite-des-fetes-du-laetare-de-stavelot-en_0\" class=\"fbd-checkbox fbd-filter\" type=\"checkbox\" name=\"organizer_comite-des-fetes-du-laetare-de-stavelot-en\" value=\"comite-des-fetes-du-laetare-de-stavelot-en\" title=\"Comit\u00e9 des F\u00eates du Laetare de Stavelot\" data-parent=\"0\" data-count=\"2\" \/>&nbsp;<span class=\"fbd-term-label\">Comit\u00e9 des F\u00eates du Laetare de Stavelot<\/span><\/label><\/div>\n<\/div>\n<div class=\"fbd-clear\"><\/div>\n<\/div>\n<div data-taxonomy=\"venue\" class='fbd-filter-group fbd-tabs-panel tab-venue'>\n<div class=\"fbd-checked\"><\/div>\n<div class=\"fbd-unchecked\">\n<div data-tab-index=\"0\" class=\"fbd-cell\"><label for=\"venue_stavelot-en_0\"><input  data-taxonomy=\"venue\" id=\"venue_stavelot-en_0\" class=\"fbd-checkbox fbd-filter\" type=\"checkbox\" name=\"venue_stavelot-en\" value=\"stavelot-en\" title=\"Stavelot\" data-parent=\"0\" data-count=\"2\" \/>&nbsp;<span class=\"fbd-term-label\">Stavelot<\/span><\/label><\/div>\n<\/div>\n<div class=\"fbd-clear\"><\/div>\n<\/div>\n\t\t\t\n\t\t\t\t<\/div>\n\t\t\t\t<div class=\"fbd-dialog-controls\">\n\t\t\t\t\t<input type=\"button\" class=\"fbd-button-secondary fbd-dg-remove\" name=\"fbd-dg-remove\" value=\"show all\" \/>\n\t\t\t\t\t<input type=\"button\" class=\"fbd-button fbd-button-primary fbd-dg-apply\" name=\"fbd-dg-apply\" value=\"Apply filters\" \/>\n\t\t\t\t\t<div class=\"fbd-status\">\n\t\t\t\t\t\t<img decoding=\"async\" src=\"https:\/\/www.laetare-stavelot.be\/wp-admin\/images\/wpspin_light.gif\" alt=\"\" \/>\n\t\t\t\t\t<\/div>\n\t\t\t\t\t<div class=\"fbd-clear\"><\/div>\n\t\t\t\t<\/div>\n\t\t\t\t<div class=\"fbd-clear\"><\/div>\n\t\t\t<\/div>\n\t\t\t<div class=\"fbd-clear\"><\/div>\n\t\t<\/div>\n\t<\/div>\n<\/div>\n<div class=\"ical-tooltip-template\" title=\"iCal Feed\" style='display:none;width:460px;' data-button_text=\"iCal Feed\">\n\t<div class=\"ical-tooltip-holder\">\n\t\t<div class=\"fbd-main-holder\">\n\t\t\t<div class=\"fbd-head\">\n\t\t\t\t<div class=\"rhc-close-icon\"><a title=\"Close\" class=\"ical-close\" href=\"javascript:void(0);\"><\/a><\/div>\t\t\t\t\n                <div class=\"ical-title\">iCal Feed<\/div>\n\t\t\t<\/div>\n\t\t\t<div class=\"fbd-body\">\n\t\t\t\t<div class=\"fbd-dialog-content\">\n\t\t\t\t\t<label for=\"ical_tooltip_textarea_1\" class=\"fbd-label\">iCal feed URL\t\t\t\t\t<textarea id=\"ical_tooltip_textarea_1\" class=\"ical-url\"><\/textarea>\n\t\t\t\t\t<\/label>\n\t\t\t\t\t<p class=\"rhc-icalendar-description\">Get Feed for iCal (Google Calendar). This is for subscribing to the events in the Calendar. Add this URL to either iCal (Mac) or Google Calendar, or any other calendar that supports iCal Feed.<\/p>\t\t\t\n\t\t\t\t\t<div class=\"fbd-buttons\">\n\t\t\t\t\t\t<a class=\"ical-clip fbd-button-secondary\" href=\"#\">Copy feed url to clipboard<\/a>\n\t\t\t\t\t\t<a class=\"ical-ics fbd-button-primary\" href=\"#\">Download ICS file<\/a>\n\t\t\t\t\t\t\n\t\t\t\t\t<\/div>\n\t\t\t\t<\/div>\n\t\t\n\t\t\t<\/div>\t\n\t\t<\/div>\n\t<\/div>\n    <div class=\"ical-overlay\"><\/div>\n<\/div>\n<div style=\"clear:both\"><\/div><noscript><ul><li><a href=\"https:\/\/www.laetare-stavelot.be\/events\/30-05-26-les-etangs-en-fete-40-ans-de-clowns-cylistes\/\">30-05-26 | Les Etangs en F\u00eate - 40 ans de Clowns Cylistes<\/a><\/li><li><a href=\"https:\/\/www.laetare-stavelot.be\/events\/6-7-8-mars-2027-%f0%9f%a9%b5%f0%9f%a4%8d%f0%9f%92%9b-522e-laetare-de-stavelot\/\">6 - 7 - 8 mars 2027 \ud83e\ude75\ud83e\udd0d\ud83d\udc9b 522e Laetare de Stavelot<\/a><\/li><li><a href=\"https:\/\/www.laetare-stavelot.be\/events\/20-et-21-08-27-carnavals-du-monde-des-blancs-moussis\/\">20 et 21-08-27 | Carnavals du Monde des Blancs-Moussis<\/a><\/li><\/ul><a href=\"https:\/\/www.laetare-stavelot.be\/en\/wp-json\/wp\/v2\/pages\/3559\/rhc-past-events\/0\/\">Older events<\/a><a href=\"https:\/\/www.laetare-stavelot.be\/en\/wp-json\/wp\/v2\/pages\/3559\/rhc-upcoming-events\/1\/\">Next events<\/a><\/noscript><div itemscope=\"itemscope\" itemtype=\"http:\/\/schema.org\/Event\"><meta itemprop=\"name\" content=\"30-05-26 | Les Etangs en F\u00eate &#8211; 40 ans de Clowns Cylistes\"><meta itemprop=\"url\" content=\"https:\/\/www.laetare-stavelot.be\/events\/30-05-26-les-etangs-en-fete-40-ans-de-clowns-cylistes\/\"><meta itemprop=\"startDate\" content=\"2026-05-30T00:00:00\"><meta itemprop=\"endDate\" content=\"2026-05-30T00:00:00\"><div itemprop=\"location\" itemscope=\"itemscope\" itemtype=\"http:\/\/schema.org\/Place\"><meta itemprop=\"name\" content=\"Les Etangs de Stavelot\" \/><div itemprop=\"address\" itemscope=\"itemscope\" itemtype=\"http:\/\/schema.org\/PostalAddress\"><meta itemprop=\"streetAddress\" content=\"\" \/><\/div><\/div><div itemprop=\"organizer\" itemscope=\"itemscope\" itemtype=\"http:\/\/schema.org\/Organization\"><meta itemprop=\"name\" content=\"La Truite Stavelot\"><\/div><div itemprop=\"organizer\" itemscope=\"itemscope\" itemtype=\"http:\/\/schema.org\/Organization\"><meta itemprop=\"name\" content=\"Les Clowns Cyclistes\"><\/div><\/div><div itemscope=\"itemscope\" itemtype=\"http:\/\/schema.org\/Event\"><meta itemprop=\"name\" content=\"6 &#8211; 7 &#8211; 8 mars 2027 \ud83e\ude75\ud83e\udd0d\ud83d\udc9b 522e Laetare de Stavelot\"><meta itemprop=\"url\" content=\"https:\/\/www.laetare-stavelot.be\/events\/6-7-8-mars-2027-%f0%9f%a9%b5%f0%9f%a4%8d%f0%9f%92%9b-522e-laetare-de-stavelot\/\"><meta itemprop=\"startDate\" content=\"2027-03-06T00:00:00\"><meta itemprop=\"endDate\" content=\"2027-03-09T00:00:00\"><meta itemprop=\"description\" content=\"522e Laetare de Stavelot 6 &#8211; 7 &#8211; 8 mars 2027 2500 participants au cort\u00e8ge Blancs Moussis &amp; chars souffleurs 5 tonnes de confettis Rondeau et feu d\u2019artifice Venez d\u00e9couvrir 2 cort\u00e8ges de qualit\u00e9 ! Samedi : en nocturne d\u00e8s 20h30 avec plus de1500 participants et 30 soci\u00e9t\u00e9s, un cort\u00e8ge tr\u00e8s lumineux ! Dimanche : le grand cort\u00e8ge des Blancs Moussisavec 2500 participants, 25 soci\u00e9t\u00e9s folkloriques,5 tonnes de confettis et un grand feu d\u2019artifices. Nous vous souhaitons la bienvenue au :522e Laetare de Stavelot 6 &#8211; 7 &#8211; 8 mars [&hellip;]\"><div itemprop=\"location\" itemscope=\"itemscope\" itemtype=\"http:\/\/schema.org\/Place\"><meta itemprop=\"name\" content=\"Stavelot\" \/><meta itemprop=\"hasMap\" content=\"http:\/\/maps.google.com\/?q=Stavelot%2C+Belgique\" \/><div itemprop=\"address\" itemscope=\"itemscope\" itemtype=\"http:\/\/schema.org\/PostalAddress\"><meta itemprop=\"streetAddress\" content=\"Stavelot, Belgique\" \/><meta itemprop=\"addressLocality\" content=\"Stavelot\" \/><\/div><div itemprop=\"geo\" itemscope=\"itemscope\" itemtype=\"http:\/\/schema.org\/GeoCoordinates\"><meta itemprop=\"latitude\" content=\"50.404141\" \/><meta itemprop=\"longitude\" content=\"5.930443\" \/><\/div><\/div><div itemprop=\"organizer\" itemscope=\"itemscope\" itemtype=\"http:\/\/schema.org\/Organization\"><meta itemprop=\"name\" content=\"Comit\u00e9 des F\u00eates du Laetare de Stavelot\"><\/div><\/div><div itemscope=\"itemscope\" itemtype=\"http:\/\/schema.org\/Event\"><meta itemprop=\"name\" content=\"20 et 21-08-27 | Carnavals du Monde des Blancs-Moussis\"><meta itemprop=\"url\" content=\"https:\/\/www.laetare-stavelot.be\/events\/20-et-21-08-27-carnavals-du-monde-des-blancs-moussis\/\"><meta itemprop=\"startDate\" content=\"2027-08-20T00:00:00\"><meta itemprop=\"endDate\" content=\"2027-08-21T00:00:00\"><div itemprop=\"organizer\" itemscope=\"itemscope\" itemtype=\"http:\/\/schema.org\/Organization\"><meta itemprop=\"name\" content=\"Les Blancs Moussis\"><\/div><\/div><\/div><div id=\"fct-item-template\" style=\"display:none;\" class=\"fct-tooltip\">\n\t<div class=\"fct-arrow-holder\">\n\t\t<div class=\"fct-arrow\"><\/div>\n\t\t<div class=\"fct-arrow-border\"><\/div>\t\t\n\t<\/div>\n\t<div class=\"fct-main\">\n\t\t<div class=\"fct-header\">\n\t\t\t<div class=\"fc-close-tooltip\"><a title=\"Close\" href=\"javascript:void(0);\"><\/a><\/div>\n\t\t\t<div class=\"fc-title\"><\/div>\n\t\t<\/div>\n\t\t<div class=\"fct-body\">\n\t\t\t<div class=\"fct-dbox\">\n\t\t\t\t<div class=\"fc-term-venue-gaddress fc-term-venue-gaddress\"><label>Address<\/label><\/div>\n\t\t\t\t<div class=\"fc-start\"><label class=\"tooltip-fc-start\">Start<\/label><\/div>\n\t\t\t\t<div class=\"fc-end\"><label class=\"tooltip-fc-end\">End<\/label><\/div>\n\t\t\t\t<div class=\"fc-hide fc-tax-venue\"><label class=\"tax-label\"><\/label><\/div>\t\t\t\n\t\t\t<\/div>\n\t\t\t<div class=\"fc-description\"><\/div>\n\t\t<\/div>\n\t\t<div class=\"fct-footer\">\n\t\t\t<div class=\"fc-social\"><\/div>\n           <div class=\"fc-image\"><\/div>\n\t\t<\/div>\t\n\t<\/div>\n<\/div>\n<div style=\"display:none;\" class=\"event_list_template\"><div class=\"fc-event-list-container\">\n\t<!-- you can replace with custom content to be displayed before the items -->\n\t<div class=\"fc-event-list-holder\">\n\t\t<div class=\"fc-event-list-no-events fc-remove\"><div class=\"fc-no-list-events-message\"><\/div><\/div>\n\t\t<div class=\"fc-event-list-date fc-remove\"><h3 class=\"fc-event-list-date-header\"><\/h3><\/div>\n\t\t<div class=\"fc-event-list-item fc-remove\">\n\t\t\t<div class=\"fc-event-list-content\">\n\t\t\t\t<h4><a class=\"fc-event-link fc-event-list-title\" href=\"{link}\" target=\"_BLANK\">{title}<\/a><\/h4>\n\n\t\t\t\t<div class=\"rhc fe-extrainfo-container elist-dbox fe-have-image-1\" >\n\t\t\t\t\t<div class=\"fe-extrainfo-container2 row-fluid\">\n\t\t\t\t\t\t<div class=\"fe-extrainfo-holder fe-extrainfo-col2 span8\">\n\t\t\t\t\t\t\t<div class=\"row-fluid\">\n\t\t\t\t\t\t\t\t<div class=\"span12 fe-cell-label dbox-title rhc-info-cell fe-cell-label\">\n\t\t\t\t\t\t\t\t\t<label class=\"fe-extrainfo-label\">Event details<\/label>\n\t\t\t\t\t\t\t\t<\/div>\n\t\t\t\t\t\t\t<\/div>\n\t\t\t\t\t\t\t\n\t\t\t\t\t\t\t<div class=\"row-fluid\">\n\t\t\t\t\t\t\t\t<div class=\"span6 fe-maincol fe-maincol-0\">\n\t\t\t\t\t\t\t\t\t<div class=\"rhc-info-cell\">\n\t\t\t\t\t\t\t\t\t\t<label class=\"fe-extrainfo-label\">Start<\/label>\n\t\t\t\t\t\t\t\t\t\t<span class=\"fe-extrainfo-value fc-start\">{fc-start}<\/span>&nbsp;\n\t\t\t\t\t\t\t\t\t\t<span class=\"fe-extrainfo-value fc-time\"><\/span>\n\t\t\t\t\t\t\t\t\t<\/div>\t\n\t\t\t\t\t\t\t\t\t\n\t\t\t\t\t\t\t\t\t<div class=\"rhc-info-cell\">\n\t\t\t\t\t\t\t\t\t\t<label class=\"fe-extrainfo-label\">End<\/label>\n\t\t\t\t\t\t\t\t\t\t<span class=\"fe-extrainfo-value fc-end\">{fc-end}<\/span>&nbsp;\n\t\t\t\t\t\t\t\t\t\t<span class=\"fe-extrainfo-value fc-end-time\"><\/span>\n\t\t\t\t\t\t\t\t\t<\/div>\t\n\t\t\t\t\t\t\t\t\t\n\t\t\t\t\t\t\t\t\t<div class=\"rhc-info-cell\">\n\t\t\t\t\t\t\t\t\t\t<label class=\"fe-extrainfo-label\">Address<\/label>\n\t\t\t\t\t\t\t\t\t\t<span class=\"fe-extrainfo-value fc-event-term taxonomy-venue-gaddress\"><\/span>\n\t\t\t\t\t\t\t\t\t<\/div>\t\n\t\t\t\t\t\t\t\t<\/div>\n\t\t\t\t\t\t\t\t<div class=\"span6 fe-maincol fe-maincol-1\">\t\t\t\t\t\t\n\t\t\t\t\t\t\t\t\t<div class=\"rhc-info-cell\">\n\t\t\t\t\t\t\t\t\t\t<label class=\"fe-extrainfo-label\">Venue<\/label>\n\t\t\t\t\t\t\t\t\t\t<span class=\"fe-extrainfo-value fc-event-term taxonomy-venue\">{venue}<\/span>\n\t\t\t\t\t\t\t\t\t<\/div>\t\n\t\t\t\t\t\t\t\t\t<div class=\"rhc-info-cell\">\n\t\t\t\t\t\t\t\t\t\t<label class=\"fe-extrainfo-label\">Organizer<\/label>\n\t\t\t\t\t\t\t\t\t\t<span class=\"fe-extrainfo-value fc-event-term taxonomy-organizer\">{organizer}<\/span>\n\t\t\t\t\t\t\t\t\t<\/div>\t\n\t\t\t\t\t\t\t\t<\/div>\n\t\t\t\t\t\t\t<\/div>\n\t\t\t\n\t\t\t\t\t\t\t<div class=\"fc-event-list-description dbox-description\">{description}<\/div>\n\t\t\t\t\t\t\t\t\n\t\t\t\t\t\t<\/div>\n\t\t\t\t\t\t<div class=\"fe-image-holder span4\">\n\t\t\t\t\t\t\t<div class=\"fc-event-list-featured-image\">\n\t\t\t\t\t\t\t\t<a class=\"fc-event-link\" href=\"{link}\" target=\"_BLANK\"><img decoding=\"async\" class=\"fc-event-list-image\" src=\"\" \/><\/a>\n\t\t\t\t\t\t\t<\/div>\n\t\t\t\t\t\t<\/div>\n\t\t\t\t\t<\/div>\n\t\t\t\t<\/div>\t\t\t\t\n\n\t\t\t<\/div>\n\t\t\t<div class=\"fc-event-list-clear\"><\/div>\n\t\t\t\n\t\t<\/div>\n\t<\/div>\n<\/div><\/div>\n","protected":false},"excerpt":{"rendered":"","protected":false},"author":2,"featured_media":0,"parent":0,"menu_order":0,"comment_status":"open","ping_status":"open","template":"","meta":{"_acf_changed":false,"footnotes":""},"class_list":["post-3559","page","type-page","status-publish","hentry"],"acf":[],"yoast_head":"<!-- This site is optimized with the Yoast SEO plugin v27.4 - https:\/\/yoast.com\/product\/yoast-seo-wordpress\/ -->\n<title>Diary - Stavelot, Capitale du Laetare et ses Blancs Moussis (Carnaval Wallon)<\/title>\n<meta name=\"robots\" content=\"index, follow, max-snippet:-1, max-image-preview:large, max-video-preview:-1\" \/>\n<link rel=\"canonical\" href=\"https:\/\/www.laetare-stavelot.be\/en\/diary\/\" \/>\n<meta property=\"og:locale\" content=\"en_US\" \/>\n<meta property=\"og:type\" content=\"article\" \/>\n<meta property=\"og:title\" content=\"Diary - Stavelot, Capitale du Laetare et ses Blancs Moussis (Carnaval Wallon)\" \/>\n<meta property=\"og:url\" content=\"https:\/\/www.laetare-stavelot.be\/en\/diary\/\" \/>\n<meta property=\"og:site_name\" content=\"Stavelot, Capitale du Laetare et ses Blancs Moussis (Carnaval Wallon)\" \/>\n<meta name=\"twitter:card\" content=\"summary_large_image\" \/>\n<script type=\"application\/ld+json\" class=\"yoast-schema-graph\">{\"@context\":\"https:\\\/\\\/schema.org\",\"@graph\":[{\"@type\":\"WebPage\",\"@id\":\"https:\\\/\\\/www.laetare-stavelot.be\\\/en\\\/diary\\\/\",\"url\":\"https:\\\/\\\/www.laetare-stavelot.be\\\/en\\\/diary\\\/\",\"name\":\"Diary - Stavelot, Capitale du Laetare et ses Blancs Moussis (Carnaval Wallon)\",\"isPartOf\":{\"@id\":\"https:\\\/\\\/www.laetare-stavelot.be\\\/#website\"},\"datePublished\":\"2014-03-13T07:36:01+00:00\",\"breadcrumb\":{\"@id\":\"https:\\\/\\\/www.laetare-stavelot.be\\\/en\\\/diary\\\/#breadcrumb\"},\"inLanguage\":\"en-US\",\"potentialAction\":[{\"@type\":\"ReadAction\",\"target\":[\"https:\\\/\\\/www.laetare-stavelot.be\\\/en\\\/diary\\\/\"]}]},{\"@type\":\"BreadcrumbList\",\"@id\":\"https:\\\/\\\/www.laetare-stavelot.be\\\/en\\\/diary\\\/#breadcrumb\",\"itemListElement\":[{\"@type\":\"ListItem\",\"position\":1,\"name\":\"Accueil\",\"item\":\"https:\\\/\\\/www.laetare-stavelot.be\\\/en\\\/\"},{\"@type\":\"ListItem\",\"position\":2,\"name\":\"Diary\"}]},{\"@type\":\"WebSite\",\"@id\":\"https:\\\/\\\/www.laetare-stavelot.be\\\/#website\",\"url\":\"https:\\\/\\\/www.laetare-stavelot.be\\\/\",\"name\":\"Stavelot, Capitale du Laetare et ses Blancs Moussis (Carnaval Wallon)\",\"description\":\"518e LAETARE des Blancs-Moussis de Stavelot - 21 -22 -23 mars 2020\",\"potentialAction\":[{\"@type\":\"SearchAction\",\"target\":{\"@type\":\"EntryPoint\",\"urlTemplate\":\"https:\\\/\\\/www.laetare-stavelot.be\\\/?s={search_term_string}\"},\"query-input\":{\"@type\":\"PropertyValueSpecification\",\"valueRequired\":true,\"valueName\":\"search_term_string\"}}],\"inLanguage\":\"en-US\"}]}<\/script>\n<!-- \/ Yoast SEO plugin. -->","yoast_head_json":{"title":"Diary - Stavelot, Capitale du Laetare et ses Blancs Moussis (Carnaval Wallon)","robots":{"index":"index","follow":"follow","max-snippet":"max-snippet:-1","max-image-preview":"max-image-preview:large","max-video-preview":"max-video-preview:-1"},"canonical":"https:\/\/www.laetare-stavelot.be\/en\/diary\/","og_locale":"en_US","og_type":"article","og_title":"Diary - Stavelot, Capitale du Laetare et ses Blancs Moussis (Carnaval Wallon)","og_url":"https:\/\/www.laetare-stavelot.be\/en\/diary\/","og_site_name":"Stavelot, Capitale du Laetare et ses Blancs Moussis (Carnaval Wallon)","twitter_card":"summary_large_image","schema":{"@context":"https:\/\/schema.org","@graph":[{"@type":"WebPage","@id":"https:\/\/www.laetare-stavelot.be\/en\/diary\/","url":"https:\/\/www.laetare-stavelot.be\/en\/diary\/","name":"Diary - Stavelot, Capitale du Laetare et ses Blancs Moussis (Carnaval Wallon)","isPartOf":{"@id":"https:\/\/www.laetare-stavelot.be\/#website"},"datePublished":"2014-03-13T07:36:01+00:00","breadcrumb":{"@id":"https:\/\/www.laetare-stavelot.be\/en\/diary\/#breadcrumb"},"inLanguage":"en-US","potentialAction":[{"@type":"ReadAction","target":["https:\/\/www.laetare-stavelot.be\/en\/diary\/"]}]},{"@type":"BreadcrumbList","@id":"https:\/\/www.laetare-stavelot.be\/en\/diary\/#breadcrumb","itemListElement":[{"@type":"ListItem","position":1,"name":"Accueil","item":"https:\/\/www.laetare-stavelot.be\/en\/"},{"@type":"ListItem","position":2,"name":"Diary"}]},{"@type":"WebSite","@id":"https:\/\/www.laetare-stavelot.be\/#website","url":"https:\/\/www.laetare-stavelot.be\/","name":"Stavelot, Capitale du Laetare et ses Blancs Moussis (Carnaval Wallon)","description":"518e LAETARE des Blancs-Moussis de Stavelot - 21 -22 -23 mars 2020","potentialAction":[{"@type":"SearchAction","target":{"@type":"EntryPoint","urlTemplate":"https:\/\/www.laetare-stavelot.be\/?s={search_term_string}"},"query-input":{"@type":"PropertyValueSpecification","valueRequired":true,"valueName":"search_term_string"}}],"inLanguage":"en-US"}]}},"_links":{"self":[{"href":"https:\/\/www.laetare-stavelot.be\/en\/wp-json\/wp\/v2\/pages\/3559","targetHints":{"allow":["GET"]}}],"collection":[{"href":"https:\/\/www.laetare-stavelot.be\/en\/wp-json\/wp\/v2\/pages"}],"about":[{"href":"https:\/\/www.laetare-stavelot.be\/en\/wp-json\/wp\/v2\/types\/page"}],"author":[{"embeddable":true,"href":"https:\/\/www.laetare-stavelot.be\/en\/wp-json\/wp\/v2\/users\/2"}],"replies":[{"embeddable":true,"href":"https:\/\/www.laetare-stavelot.be\/en\/wp-json\/wp\/v2\/comments?post=3559"}],"version-history":[{"count":0,"href":"https:\/\/www.laetare-stavelot.be\/en\/wp-json\/wp\/v2\/pages\/3559\/revisions"}],"wp:attachment":[{"href":"https:\/\/www.laetare-stavelot.be\/en\/wp-json\/wp\/v2\/media?parent=3559"}],"curies":[{"name":"wp","href":"https:\/\/api.w.org\/{rel}","templated":true}]}}