{"id":3586,"date":"2014-03-13T09:42:52","date_gmt":"2014-03-13T08:42:52","guid":{"rendered":"http:\/\/www.laetare-stavelot.be\/?page_id=3586"},"modified":"2020-01-15T13:52:34","modified_gmt":"2020-01-15T12:52:34","slug":"contact-2","status":"publish","type":"page","link":"https:\/\/www.laetare-stavelot.be\/en\/contact-2\/","title":{"rendered":"Contact"},"content":{"rendered":"<h2>Contact us<\/h2>\n<p><strong>Royal Comit\u00e9 des f\u00eates de Stavelot<\/strong><br \/>\nAv. Guillaume Apollinaire 2<br \/>\n4970 Stavelot<\/p>\n<p>T\u00e9l : 080 86 41 39<br \/>\nGsm : 0474 94 03 80<\/p>\n<p>E-Mail : info@laetare-stavelot.be<\/p>\n","protected":false},"excerpt":{"rendered":"<p>Contact us Royal Comit\u00e9 des f\u00eates de Stavelot Av. Guillaume Apollinaire 2 4970 Stavelot T\u00e9l : 080 86 41 39 Gsm : 0474 94 03 80 E-Mail : info@laetare-stavelot.be<\/p>\n","protected":false},"author":2,"featured_media":0,"parent":0,"menu_order":0,"comment_status":"open","ping_status":"closed","template":"page-templates\/template-contact.php","meta":{"_acf_changed":false,"footnotes":""},"class_list":["post-3586","page","type-page","status-publish","hentry"],"acf":[],"yoast_head":"<!-- This site is optimized with the Yoast SEO plugin v27.4 - https:\/\/yoast.com\/product\/yoast-seo-wordpress\/ -->\n<title>Contact - Stavelot, Capitale du Laetare et ses Blancs Moussis (Carnaval Wallon)<\/title>\n<meta name=\"robots\" content=\"index, follow, max-snippet:-1, max-image-preview:large, max-video-preview:-1\" \/>\n<link rel=\"canonical\" href=\"https:\/\/www.laetare-stavelot.be\/en\/contact-2\/\" \/>\n<meta property=\"og:locale\" content=\"en_US\" \/>\n<meta property=\"og:type\" content=\"article\" \/>\n<meta property=\"og:title\" content=\"Contact - Stavelot, Capitale du Laetare et ses Blancs Moussis (Carnaval Wallon)\" \/>\n<meta property=\"og:description\" content=\"Contact us Royal Comit\u00e9 des f\u00eates de Stavelot Av. Guillaume Apollinaire 2 4970 Stavelot T\u00e9l : 080 86 41 39 Gsm : 0474 94 03 80 E-Mail : info@laetare-stavelot.be\" \/>\n<meta property=\"og:url\" content=\"https:\/\/www.laetare-stavelot.be\/en\/contact-2\/\" \/>\n<meta property=\"og:site_name\" content=\"Stavelot, Capitale du Laetare et ses Blancs Moussis (Carnaval Wallon)\" \/>\n<meta property=\"article:modified_time\" content=\"2020-01-15T12:52:34+00:00\" \/>\n<meta name=\"twitter:card\" content=\"summary_large_image\" \/>\n<script type=\"application\/ld+json\" class=\"yoast-schema-graph\">{\"@context\":\"https:\\\/\\\/schema.org\",\"@graph\":[{\"@type\":\"WebPage\",\"@id\":\"https:\\\/\\\/www.laetare-stavelot.be\\\/en\\\/contact-2\\\/\",\"url\":\"https:\\\/\\\/www.laetare-stavelot.be\\\/en\\\/contact-2\\\/\",\"name\":\"Contact - Stavelot, Capitale du Laetare et ses Blancs Moussis (Carnaval Wallon)\",\"isPartOf\":{\"@id\":\"https:\\\/\\\/www.laetare-stavelot.be\\\/#website\"},\"datePublished\":\"2014-03-13T08:42:52+00:00\",\"dateModified\":\"2020-01-15T12:52:34+00:00\",\"breadcrumb\":{\"@id\":\"https:\\\/\\\/www.laetare-stavelot.be\\\/en\\\/contact-2\\\/#breadcrumb\"},\"inLanguage\":\"en-US\",\"potentialAction\":[{\"@type\":\"ReadAction\",\"target\":[\"https:\\\/\\\/www.laetare-stavelot.be\\\/en\\\/contact-2\\\/\"]}]},{\"@type\":\"BreadcrumbList\",\"@id\":\"https:\\\/\\\/www.laetare-stavelot.be\\\/en\\\/contact-2\\\/#breadcrumb\",\"itemListElement\":[{\"@type\":\"ListItem\",\"position\":1,\"name\":\"Accueil\",\"item\":\"https:\\\/\\\/www.laetare-stavelot.be\\\/en\\\/\"},{\"@type\":\"ListItem\",\"position\":2,\"name\":\"Contact\"}]},{\"@type\":\"WebSite\",\"@id\":\"https:\\\/\\\/www.laetare-stavelot.be\\\/#website\",\"url\":\"https:\\\/\\\/www.laetare-stavelot.be\\\/\",\"name\":\"Stavelot, Capitale du Laetare et ses Blancs Moussis (Carnaval Wallon)\",\"description\":\"518e LAETARE des Blancs-Moussis de Stavelot - 21 -22 -23 mars 2020\",\"potentialAction\":[{\"@type\":\"SearchAction\",\"target\":{\"@type\":\"EntryPoint\",\"urlTemplate\":\"https:\\\/\\\/www.laetare-stavelot.be\\\/?s={search_term_string}\"},\"query-input\":{\"@type\":\"PropertyValueSpecification\",\"valueRequired\":true,\"valueName\":\"search_term_string\"}}],\"inLanguage\":\"en-US\"}]}<\/script>\n<!-- \/ Yoast SEO plugin. -->","yoast_head_json":{"title":"Contact - Stavelot, Capitale du Laetare et ses Blancs Moussis (Carnaval Wallon)","robots":{"index":"index","follow":"follow","max-snippet":"max-snippet:-1","max-image-preview":"max-image-preview:large","max-video-preview":"max-video-preview:-1"},"canonical":"https:\/\/www.laetare-stavelot.be\/en\/contact-2\/","og_locale":"en_US","og_type":"article","og_title":"Contact - Stavelot, Capitale du Laetare et ses Blancs Moussis (Carnaval Wallon)","og_description":"Contact us Royal Comit\u00e9 des f\u00eates de Stavelot Av. Guillaume Apollinaire 2 4970 Stavelot T\u00e9l : 080 86 41 39 Gsm : 0474 94 03 80 E-Mail : info@laetare-stavelot.be","og_url":"https:\/\/www.laetare-stavelot.be\/en\/contact-2\/","og_site_name":"Stavelot, Capitale du Laetare et ses Blancs Moussis (Carnaval Wallon)","article_modified_time":"2020-01-15T12:52:34+00:00","twitter_card":"summary_large_image","schema":{"@context":"https:\/\/schema.org","@graph":[{"@type":"WebPage","@id":"https:\/\/www.laetare-stavelot.be\/en\/contact-2\/","url":"https:\/\/www.laetare-stavelot.be\/en\/contact-2\/","name":"Contact - Stavelot, Capitale du Laetare et ses Blancs Moussis (Carnaval Wallon)","isPartOf":{"@id":"https:\/\/www.laetare-stavelot.be\/#website"},"datePublished":"2014-03-13T08:42:52+00:00","dateModified":"2020-01-15T12:52:34+00:00","breadcrumb":{"@id":"https:\/\/www.laetare-stavelot.be\/en\/contact-2\/#breadcrumb"},"inLanguage":"en-US","potentialAction":[{"@type":"ReadAction","target":["https:\/\/www.laetare-stavelot.be\/en\/contact-2\/"]}]},{"@type":"BreadcrumbList","@id":"https:\/\/www.laetare-stavelot.be\/en\/contact-2\/#breadcrumb","itemListElement":[{"@type":"ListItem","position":1,"name":"Accueil","item":"https:\/\/www.laetare-stavelot.be\/en\/"},{"@type":"ListItem","position":2,"name":"Contact"}]},{"@type":"WebSite","@id":"https:\/\/www.laetare-stavelot.be\/#website","url":"https:\/\/www.laetare-stavelot.be\/","name":"Stavelot, Capitale du Laetare et ses Blancs Moussis (Carnaval Wallon)","description":"518e LAETARE des Blancs-Moussis de Stavelot - 21 -22 -23 mars 2020","potentialAction":[{"@type":"SearchAction","target":{"@type":"EntryPoint","urlTemplate":"https:\/\/www.laetare-stavelot.be\/?s={search_term_string}"},"query-input":{"@type":"PropertyValueSpecification","valueRequired":true,"valueName":"search_term_string"}}],"inLanguage":"en-US"}]}},"_links":{"self":[{"href":"https:\/\/www.laetare-stavelot.be\/en\/wp-json\/wp\/v2\/pages\/3586","targetHints":{"allow":["GET"]}}],"collection":[{"href":"https:\/\/www.laetare-stavelot.be\/en\/wp-json\/wp\/v2\/pages"}],"about":[{"href":"https:\/\/www.laetare-stavelot.be\/en\/wp-json\/wp\/v2\/types\/page"}],"author":[{"embeddable":true,"href":"https:\/\/www.laetare-stavelot.be\/en\/wp-json\/wp\/v2\/users\/2"}],"replies":[{"embeddable":true,"href":"https:\/\/www.laetare-stavelot.be\/en\/wp-json\/wp\/v2\/comments?post=3586"}],"version-history":[{"count":0,"href":"https:\/\/www.laetare-stavelot.be\/en\/wp-json\/wp\/v2\/pages\/3586\/revisions"}],"wp:attachment":[{"href":"https:\/\/www.laetare-stavelot.be\/en\/wp-json\/wp\/v2\/media?parent=3586"}],"curies":[{"name":"wp","href":"https:\/\/api.w.org\/{rel}","templated":true}]}}