{"id":4084,"date":"2014-01-16T09:31:50","date_gmt":"2014-01-16T08:31:50","guid":{"rendered":"http:\/\/www.laetare-stavelot.be\/?page_id=4084"},"modified":"2021-07-02T18:45:51","modified_gmt":"2021-07-02T17:45:51","slug":"comite-des-fetes-laetare-missions-descriptif","status":"publish","type":"page","link":"https:\/\/www.laetare-stavelot.be\/nl\/festival-comite\/comite-des-fetes-laetare-missions-descriptif\/","title":{"rendered":"Missions \/ Descriptif"},"content":{"rendered":"<p><img loading=\"lazy\" decoding=\"async\" class=\"alignright size-medium wp-image-942\" src=\"https:\/\/www.laetare-stavelot.be\/\/wp-content\/uploads\/2014\/01\/laetare-stavelot-les-zygomars-14-300x169.jpg\" alt=\"laetare-stavelot-les-zygomars-14\" width=\"300\" height=\"168\" \/>Chaque ann\u00e9e, quelques jours pr\u00e9c\u00e9dant la mi-car\u00eame, le comit\u00e9 d\u2019organisation rassemble toutes les soci\u00e9t\u00e9s participantes pour une grande soir\u00e9e inaugurale anim\u00e9e de chants et de farandoles. Il s\u2019agit de chauffer les voix, de d\u00e9gourdir les jambes et de resserrer les liens. Cependant, la t\u00e2che du Comit\u00e9 des F\u00eates ne se limite pas \u00e0 pr\u00e9parer cette joyeuse rencontre. Compos\u00e9 par une quinzaine de personnes, il se charge en effet d\u2019orchestrer tous les aspects des trois actes du Laetare. Un travail indispensable o\u00f9 tout est \u00e0 pr\u00e9voir et \u00e0 organiser\u00a0: le parcours et l\u2019ordonnance des cort\u00e8ges, l\u2019accompagnement des fanfares et des groupes ext\u00e9rieurs, le d\u00e9roulement d\u2019un concours qui doit entrainer l\u2019\u00e9mulation, la promotion de l\u2019\u00e9v\u00e9nement, les contacts avec les autorit\u00e9s, la s\u00e9curit\u00e9 surtout. C\u2019est l\u00e0 une pr\u00e9occupation majeure\u00a0: faire d\u00e9filer en deux temps les trois mille cinq cents acteurs et les grands v\u00e9hicules d\u2019une f\u00eate d\u00e9brid\u00e9e parmi un public de plusieurs dizaines de milliers de personnes n\u2019est pas t\u00e2che ais\u00e9e, d\u2019autant plus que les rues de Stavelot son \u00e9troites et pentues. Il faut donc fixer des r\u00e8gles, faire accompagner chaque groupe par des commissaires, responsabiliser tous les participants.<\/p>\n<p><img loading=\"lazy\" decoding=\"async\" class=\"size-medium wp-image-324 alignright\" src=\"https:\/\/www.laetare-stavelot.be\/\/wp-content\/uploads\/2014\/01\/laetare-stavelot-djoyeus-cooytais-41-300x169.jpg\" alt=\"laetare-stavelot-djoyeus-cooytais-4\" width=\"300\" height=\"168\" \/>Pour mener sa t\u00e2che \u00e0 bien, le Comit\u00e9 des F\u00eates agit en v\u00e9ritable rassembleur du folklore stavelotain\u00a0: la pr\u00e9paration fait l\u2019objet de nombreuses r\u00e9unions g\u00e9n\u00e9rales ou les moindres d\u00e9tails sont d\u00e9battus dans l\u2019objectif de trouver un indispensable \u00e9quilibre entre all\u00e9gresse et s\u00fbret\u00e9. Bien qu\u2019il soit men\u00e9 dans les coulisses, ce travail fondamental ne doit pas \u00eatre m\u00e9sestim\u00e9.<\/p>\n<p>Si au cours de la deuxi\u00e8me moiti\u00e9 du XXe si\u00e8cle, l\u2019\u00e9toile du Laetare a grimp\u00e9 au ciel du folklore wallon, c\u2019est gr\u00e2ce \u00e0 sa qualit\u00e9 et \u00e0 sa constance. Mis en place en 1958, Le Comit\u00e9 des F\u00eates s\u2019honore de porter le titre de \u00ab\u00a0Royal\u00a0\u00bb, lequel met \u00e9videmment en exergue le d\u00e9vouement manifest\u00e9 en son sein par plusieurs g\u00e9n\u00e9rations de b\u00e9n\u00e9voles.<\/p>\n<p><img loading=\"lazy\" decoding=\"async\" class=\"alignright size-medium wp-image-940\" src=\"https:\/\/www.laetare-stavelot.be\/\/wp-content\/uploads\/2014\/01\/laetare-stavelot-les-zygomars-12-300x169.jpg\" alt=\"laetare-stavelot-les-zygomars-12\" width=\"300\" height=\"168\" \/>Le succ\u00e8s toujours renouvel\u00e9 du Laetare est aussi celui de cet attachement profond \u00e0 la tradition.<\/p>\n<p><strong>Patrice Lef\u00e8bvre<\/strong><br \/>\nStavelot,\u00a0 cinq si\u00e8cles de l\u00e9gende du Laetare \u2013 Weyrich Editions &#8211; 2012.<\/p>\n","protected":false},"excerpt":{"rendered":"<p>Chaque ann\u00e9e, quelques jours pr\u00e9c\u00e9dant la mi-car\u00eame, le comit\u00e9 d\u2019organisation rassemble toutes les soci\u00e9t\u00e9s participantes pour une grande soir\u00e9e inaugurale anim\u00e9e de chants et de farandoles. Il s\u2019agit de chauffer les voix, de d\u00e9gourdir les jambes et de resserrer les liens. Cependant, la t\u00e2che du Comit\u00e9 des F\u00eates ne se limite pas \u00e0 pr\u00e9parer cette joyeuse rencontre. Compos\u00e9 par une quinzaine de personnes, il se charge en effet d\u2019orchestrer tous les aspects des trois actes du Laetare. Un travail indispensable o\u00f9 tout est \u00e0 pr\u00e9voir et \u00e0 organiser\u00a0: le parcours [&hellip;]<\/p>\n","protected":false},"author":1,"featured_media":0,"parent":4080,"menu_order":0,"comment_status":"closed","ping_status":"closed","template":"","meta":{"_acf_changed":false,"footnotes":""},"class_list":["post-4084","page","type-page","status-publish","hentry"],"acf":[],"yoast_head":"<!-- This site is optimized with the Yoast SEO plugin v27.4 - https:\/\/yoast.com\/product\/yoast-seo-wordpress\/ -->\n<title>Missions \/ Descriptif - Stavelot, Capitale du Laetare et ses Blancs Moussis (Carnaval Wallon)<\/title>\n<meta name=\"robots\" content=\"index, follow, max-snippet:-1, max-image-preview:large, max-video-preview:-1\" \/>\n<link rel=\"canonical\" href=\"https:\/\/www.laetare-stavelot.be\/nl\/festival-comite\/comite-des-fetes-laetare-missions-descriptif\/\" \/>\n<meta property=\"og:locale\" content=\"nl_NL\" \/>\n<meta property=\"og:type\" content=\"article\" \/>\n<meta property=\"og:title\" content=\"Missions \/ Descriptif - Stavelot, Capitale du Laetare et ses Blancs Moussis (Carnaval Wallon)\" \/>\n<meta property=\"og:description\" content=\"Chaque ann\u00e9e, quelques jours pr\u00e9c\u00e9dant la mi-car\u00eame, le comit\u00e9 d\u2019organisation rassemble toutes les soci\u00e9t\u00e9s participantes pour une grande soir\u00e9e inaugurale anim\u00e9e de chants et de farandoles. Il s\u2019agit de chauffer les voix, de d\u00e9gourdir les jambes et de resserrer les liens. Cependant, la t\u00e2che du Comit\u00e9 des F\u00eates ne se limite pas \u00e0 pr\u00e9parer cette joyeuse rencontre. Compos\u00e9 par une quinzaine de personnes, il se charge en effet d\u2019orchestrer tous les aspects des trois actes du Laetare. Un travail indispensable o\u00f9 tout est \u00e0 pr\u00e9voir et \u00e0 organiser\u00a0: le parcours [&hellip;]\" \/>\n<meta property=\"og:url\" content=\"https:\/\/www.laetare-stavelot.be\/nl\/festival-comite\/comite-des-fetes-laetare-missions-descriptif\/\" \/>\n<meta property=\"og:site_name\" content=\"Stavelot, Capitale du Laetare et ses Blancs Moussis (Carnaval Wallon)\" \/>\n<meta property=\"article:modified_time\" content=\"2021-07-02T17:45:51+00:00\" \/>\n<meta property=\"og:image\" content=\"https:\/\/www.laetare-stavelot.be\/\/wp-content\/uploads\/2014\/01\/laetare-stavelot-les-zygomars-14-300x169.jpg\" \/>\n<meta name=\"twitter:card\" content=\"summary_large_image\" \/>\n<meta name=\"twitter:label1\" content=\"Geschatte leestijd\" \/>\n\t<meta name=\"twitter:data1\" content=\"2 minuten\" \/>\n<script type=\"application\/ld+json\" class=\"yoast-schema-graph\">{\"@context\":\"https:\\\/\\\/schema.org\",\"@graph\":[{\"@type\":\"WebPage\",\"@id\":\"https:\\\/\\\/www.laetare-stavelot.be\\\/nl\\\/festival-comite\\\/comite-des-fetes-laetare-missions-descriptif\\\/\",\"url\":\"https:\\\/\\\/www.laetare-stavelot.be\\\/nl\\\/festival-comite\\\/comite-des-fetes-laetare-missions-descriptif\\\/\",\"name\":\"Missions \\\/ Descriptif - Stavelot, Capitale du Laetare et ses Blancs Moussis (Carnaval Wallon)\",\"isPartOf\":{\"@id\":\"https:\\\/\\\/www.laetare-stavelot.be\\\/#website\"},\"primaryImageOfPage\":{\"@id\":\"https:\\\/\\\/www.laetare-stavelot.be\\\/nl\\\/festival-comite\\\/comite-des-fetes-laetare-missions-descriptif\\\/#primaryimage\"},\"image\":{\"@id\":\"https:\\\/\\\/www.laetare-stavelot.be\\\/nl\\\/festival-comite\\\/comite-des-fetes-laetare-missions-descriptif\\\/#primaryimage\"},\"thumbnailUrl\":\"https:\\\/\\\/www.laetare-stavelot.be\\\/\\\/wp-content\\\/uploads\\\/2014\\\/01\\\/laetare-stavelot-les-zygomars-14-300x169.jpg\",\"datePublished\":\"2014-01-16T08:31:50+00:00\",\"dateModified\":\"2021-07-02T17:45:51+00:00\",\"breadcrumb\":{\"@id\":\"https:\\\/\\\/www.laetare-stavelot.be\\\/nl\\\/festival-comite\\\/comite-des-fetes-laetare-missions-descriptif\\\/#breadcrumb\"},\"inLanguage\":\"nl-NL\",\"potentialAction\":[{\"@type\":\"ReadAction\",\"target\":[\"https:\\\/\\\/www.laetare-stavelot.be\\\/nl\\\/festival-comite\\\/comite-des-fetes-laetare-missions-descriptif\\\/\"]}]},{\"@type\":\"ImageObject\",\"inLanguage\":\"nl-NL\",\"@id\":\"https:\\\/\\\/www.laetare-stavelot.be\\\/nl\\\/festival-comite\\\/comite-des-fetes-laetare-missions-descriptif\\\/#primaryimage\",\"url\":\"https:\\\/\\\/www.laetare-stavelot.be\\\/\\\/wp-content\\\/uploads\\\/2014\\\/01\\\/laetare-stavelot-les-zygomars-14-300x169.jpg\",\"contentUrl\":\"https:\\\/\\\/www.laetare-stavelot.be\\\/\\\/wp-content\\\/uploads\\\/2014\\\/01\\\/laetare-stavelot-les-zygomars-14-300x169.jpg\"},{\"@type\":\"BreadcrumbList\",\"@id\":\"https:\\\/\\\/www.laetare-stavelot.be\\\/nl\\\/festival-comite\\\/comite-des-fetes-laetare-missions-descriptif\\\/#breadcrumb\",\"itemListElement\":[{\"@type\":\"ListItem\",\"position\":1,\"name\":\"Accueil\",\"item\":\"https:\\\/\\\/www.laetare-stavelot.be\\\/nl\\\/\"},{\"@type\":\"ListItem\",\"position\":2,\"name\":\"Festival Comite\",\"item\":\"https:\\\/\\\/www.laetare-stavelot.be\\\/nl\\\/festival-comite\\\/\"},{\"@type\":\"ListItem\",\"position\":3,\"name\":\"Missions \\\/ Descriptif\"}]},{\"@type\":\"WebSite\",\"@id\":\"https:\\\/\\\/www.laetare-stavelot.be\\\/#website\",\"url\":\"https:\\\/\\\/www.laetare-stavelot.be\\\/\",\"name\":\"Stavelot, Capitale du Laetare et ses Blancs Moussis (Carnaval Wallon)\",\"description\":\"518e LAETARE des Blancs-Moussis de Stavelot - 21 -22 -23 mars 2020\",\"potentialAction\":[{\"@type\":\"SearchAction\",\"target\":{\"@type\":\"EntryPoint\",\"urlTemplate\":\"https:\\\/\\\/www.laetare-stavelot.be\\\/?s={search_term_string}\"},\"query-input\":{\"@type\":\"PropertyValueSpecification\",\"valueRequired\":true,\"valueName\":\"search_term_string\"}}],\"inLanguage\":\"nl-NL\"}]}<\/script>\n<!-- \/ Yoast SEO plugin. -->","yoast_head_json":{"title":"Missions \/ Descriptif - Stavelot, Capitale du Laetare et ses Blancs Moussis (Carnaval Wallon)","robots":{"index":"index","follow":"follow","max-snippet":"max-snippet:-1","max-image-preview":"max-image-preview:large","max-video-preview":"max-video-preview:-1"},"canonical":"https:\/\/www.laetare-stavelot.be\/nl\/festival-comite\/comite-des-fetes-laetare-missions-descriptif\/","og_locale":"nl_NL","og_type":"article","og_title":"Missions \/ Descriptif - Stavelot, Capitale du Laetare et ses Blancs Moussis (Carnaval Wallon)","og_description":"Chaque ann\u00e9e, quelques jours pr\u00e9c\u00e9dant la mi-car\u00eame, le comit\u00e9 d\u2019organisation rassemble toutes les soci\u00e9t\u00e9s participantes pour une grande soir\u00e9e inaugurale anim\u00e9e de chants et de farandoles. Il s\u2019agit de chauffer les voix, de d\u00e9gourdir les jambes et de resserrer les liens. Cependant, la t\u00e2che du Comit\u00e9 des F\u00eates ne se limite pas \u00e0 pr\u00e9parer cette joyeuse rencontre. Compos\u00e9 par une quinzaine de personnes, il se charge en effet d\u2019orchestrer tous les aspects des trois actes du Laetare. Un travail indispensable o\u00f9 tout est \u00e0 pr\u00e9voir et \u00e0 organiser\u00a0: le parcours [&hellip;]","og_url":"https:\/\/www.laetare-stavelot.be\/nl\/festival-comite\/comite-des-fetes-laetare-missions-descriptif\/","og_site_name":"Stavelot, Capitale du Laetare et ses Blancs Moussis (Carnaval Wallon)","article_modified_time":"2021-07-02T17:45:51+00:00","og_image":[{"url":"https:\/\/www.laetare-stavelot.be\/\/wp-content\/uploads\/2014\/01\/laetare-stavelot-les-zygomars-14-300x169.jpg","type":"","width":"","height":""}],"twitter_card":"summary_large_image","twitter_misc":{"Geschatte leestijd":"2 minuten"},"schema":{"@context":"https:\/\/schema.org","@graph":[{"@type":"WebPage","@id":"https:\/\/www.laetare-stavelot.be\/nl\/festival-comite\/comite-des-fetes-laetare-missions-descriptif\/","url":"https:\/\/www.laetare-stavelot.be\/nl\/festival-comite\/comite-des-fetes-laetare-missions-descriptif\/","name":"Missions \/ Descriptif - Stavelot, Capitale du Laetare et ses Blancs Moussis (Carnaval Wallon)","isPartOf":{"@id":"https:\/\/www.laetare-stavelot.be\/#website"},"primaryImageOfPage":{"@id":"https:\/\/www.laetare-stavelot.be\/nl\/festival-comite\/comite-des-fetes-laetare-missions-descriptif\/#primaryimage"},"image":{"@id":"https:\/\/www.laetare-stavelot.be\/nl\/festival-comite\/comite-des-fetes-laetare-missions-descriptif\/#primaryimage"},"thumbnailUrl":"https:\/\/www.laetare-stavelot.be\/\/wp-content\/uploads\/2014\/01\/laetare-stavelot-les-zygomars-14-300x169.jpg","datePublished":"2014-01-16T08:31:50+00:00","dateModified":"2021-07-02T17:45:51+00:00","breadcrumb":{"@id":"https:\/\/www.laetare-stavelot.be\/nl\/festival-comite\/comite-des-fetes-laetare-missions-descriptif\/#breadcrumb"},"inLanguage":"nl-NL","potentialAction":[{"@type":"ReadAction","target":["https:\/\/www.laetare-stavelot.be\/nl\/festival-comite\/comite-des-fetes-laetare-missions-descriptif\/"]}]},{"@type":"ImageObject","inLanguage":"nl-NL","@id":"https:\/\/www.laetare-stavelot.be\/nl\/festival-comite\/comite-des-fetes-laetare-missions-descriptif\/#primaryimage","url":"https:\/\/www.laetare-stavelot.be\/\/wp-content\/uploads\/2014\/01\/laetare-stavelot-les-zygomars-14-300x169.jpg","contentUrl":"https:\/\/www.laetare-stavelot.be\/\/wp-content\/uploads\/2014\/01\/laetare-stavelot-les-zygomars-14-300x169.jpg"},{"@type":"BreadcrumbList","@id":"https:\/\/www.laetare-stavelot.be\/nl\/festival-comite\/comite-des-fetes-laetare-missions-descriptif\/#breadcrumb","itemListElement":[{"@type":"ListItem","position":1,"name":"Accueil","item":"https:\/\/www.laetare-stavelot.be\/nl\/"},{"@type":"ListItem","position":2,"name":"Festival Comite","item":"https:\/\/www.laetare-stavelot.be\/nl\/festival-comite\/"},{"@type":"ListItem","position":3,"name":"Missions \/ Descriptif"}]},{"@type":"WebSite","@id":"https:\/\/www.laetare-stavelot.be\/#website","url":"https:\/\/www.laetare-stavelot.be\/","name":"Stavelot, Capitale du Laetare et ses Blancs Moussis (Carnaval Wallon)","description":"518e LAETARE des Blancs-Moussis de Stavelot - 21 -22 -23 mars 2020","potentialAction":[{"@type":"SearchAction","target":{"@type":"EntryPoint","urlTemplate":"https:\/\/www.laetare-stavelot.be\/?s={search_term_string}"},"query-input":{"@type":"PropertyValueSpecification","valueRequired":true,"valueName":"search_term_string"}}],"inLanguage":"nl-NL"}]}},"_links":{"self":[{"href":"https:\/\/www.laetare-stavelot.be\/nl\/wp-json\/wp\/v2\/pages\/4084","targetHints":{"allow":["GET"]}}],"collection":[{"href":"https:\/\/www.laetare-stavelot.be\/nl\/wp-json\/wp\/v2\/pages"}],"about":[{"href":"https:\/\/www.laetare-stavelot.be\/nl\/wp-json\/wp\/v2\/types\/page"}],"author":[{"embeddable":true,"href":"https:\/\/www.laetare-stavelot.be\/nl\/wp-json\/wp\/v2\/users\/1"}],"replies":[{"embeddable":true,"href":"https:\/\/www.laetare-stavelot.be\/nl\/wp-json\/wp\/v2\/comments?post=4084"}],"version-history":[{"count":0,"href":"https:\/\/www.laetare-stavelot.be\/nl\/wp-json\/wp\/v2\/pages\/4084\/revisions"}],"up":[{"embeddable":true,"href":"https:\/\/www.laetare-stavelot.be\/nl\/wp-json\/wp\/v2\/pages\/4080"}],"wp:attachment":[{"href":"https:\/\/www.laetare-stavelot.be\/nl\/wp-json\/wp\/v2\/media?parent=4084"}],"curies":[{"name":"wp","href":"https:\/\/api.w.org\/{rel}","templated":true}]}}