{"id":4102,"date":"2014-03-24T15:33:08","date_gmt":"2014-03-24T14:33:08","guid":{"rendered":"http:\/\/www.laetare-stavelot.be\/?page_id=4102"},"modified":"2021-07-02T18:30:26","modified_gmt":"2021-07-02T17:30:26","slug":"een-beetje-geschiedenis","status":"publish","type":"page","link":"https:\/\/www.laetare-stavelot.be\/nl\/laetare-4\/een-beetje-geschiedenis\/","title":{"rendered":"Een beetje geschiedenis"},"content":{"rendered":"<p><img loading=\"lazy\" decoding=\"async\" class=\"alignright size-medium wp-image-790\" src=\"https:\/\/www.laetare-stavelot.be\/\/wp-content\/uploads\/2014\/01\/laetare-2012-blancs-moussis-6-300x169.jpg\" alt=\"laetare-2012-blancs-moussis-6\" width=\"300\" height=\"168\" srcset=\"https:\/\/www.laetare-stavelot.be\/wp-content\/uploads\/2014\/01\/laetare-2012-blancs-moussis-6-300x169.jpg 300w, https:\/\/www.laetare-stavelot.be\/wp-content\/uploads\/2014\/01\/laetare-2012-blancs-moussis-6-768x432.jpg 768w, https:\/\/www.laetare-stavelot.be\/wp-content\/uploads\/2014\/01\/laetare-2012-blancs-moussis-6.jpg 1600w, https:\/\/www.laetare-stavelot.be\/wp-content\/uploads\/2014\/01\/laetare-2012-blancs-moussis-6-360x200.jpg 360w, https:\/\/www.laetare-stavelot.be\/wp-content\/uploads\/2014\/01\/laetare-2012-blancs-moussis-6-320x180.jpg 320w\" sizes=\"auto, (max-width: 300px) 100vw, 300px\" \/><\/p>\n<p>1502 : oprichting van de broederschap de Blancs Moussis.<\/p>\n<p>De regerende prins-abt verbood zijn monniken om aan de carnavalfeestelijkheden deel te nemen. De menigte riep de vrolijke en betreurde aanwezigheid van de monniken op door zich uit te dossen met een monnikskap en een kapmantel ter imitatie van de kleding en de kleur van de monnikspijen. Na nieuwe verbodsbepalingen bleef enkel een wit tenue over, dat redelijk goed op een monnikspij lijkt. Een vrolijk masker met een lange neus maakte de potsierlijke uitdossing compleet.<\/p>\n<p>Alhoewel deze legende vandaag algemeen aanvaard wordt waarheid te bevatten, kreeg ze pas in 1947 concreet gestalte in de vorm van een broederschap, dankzij Walter Fostier, soms ook wel de grondlegger van deze pseudo-historische fantasie genoemd. Als vriend van Stavelot en van de plaatselijke folklore, lag hij in 1950 aan de wieg van de oprichting van een Ereridderorde, die een verbazingwekkende trotse zelfverzekerdheid tentoonspreidt.<\/p>\n<p>In de loop van de 19e eeuw zullen nog andere verenigingen het licht zien: les Gais Amis, de fanfare l&#8217;Orph\u00e9e, la Bourgeoise en de harmonie l&#8217;Emulation. Ook aan het begin van deze 21e eeuw blijven de twee muziekkorpsen bijzonder actief.<\/p>\n<p>Het einde van de 19e eeuw kende moeilijke tijden, maar in het kader van de feestelijkheden van de Laetare kon een ruim gewaardeerde sociale hulp geboden worden. Hierbij ontstaan de Artisans (ambachtslui).s.<\/p>\n<p>Tijdens de eerste helft van de 20e eeuw was Stavelot-Attractions erg actief bij de ontwikkeling van het toerisme en lag aan de bakermat van Stavelot-Commerces. De Bons Amis waren de motor van de wederopleving, geholpen door het Comit\u00e9 Saint-Laurent&#8230; l&#8217;Orph\u00e9e&#8230; l\u2019Emulation en weldra ook een Feestcomit\u00e9.<\/p>\n<p>Dankzij 21 jongemannen zagen we na 1945 het ontstaan of beter de wedergeboorte van de Broederschap van de Blancs Moussis. In 1950 nam ook de R\u00e9veil Ardennais deel aan de Laetare. De jaren &#8217;50 stonden in het teken van een grote folkloristische en toeristische ontwikkeling.<\/p>\n<p>Apr\u00e8s 1945 naissance ou renaissance de la Confr\u00e9rie des Blancs Moussis gr\u00e2ce \u00e0 21 jeunes gar\u00e7ons.<\/p>\n<p>1950 connut la participation du R\u00e9veil Ardennais au Laetare.<\/p>\n<p>Cette d\u00e9cade connut un grand d\u00e9veloppement folklorique et touristique.<\/p>\n<p>* Les Grosses T\u00eates de Parfondruy (de grote koppen van Parfondruy);<br \/>\n* Le Quartier Saint-Louis (de Saint-Louiswijk);<br \/>\n* De Vrienden van het platteland van Masta;<br \/>\n* De Gemengde koren van Fran\u00e7ois Prume;<br \/>\n* Le Quartier Saint-Laurent (de Saint-Laurentwijk);<br \/>\n* L\u2019Emulation en les Bons Amis<br \/>\n* De Joyeux Carnavaleurs (de vrolijke carnavalvierders);<br \/>\n* La Dramatique de Masta;<br \/>\n* La Colombe;<br \/>\n* Het Feestcomit\u00e9 en<br \/>\n* Les Blancs Moussis<\/p>\n<p>deden de ster van de Laetare stijgen aan het firmament van de Waalse en Europese folklore (40.000 personen in 1954).<\/p>\n<p>Parallel met de ontwikkeling van de Laetare, werkten de golden sixties de culturele ontwikkeling in de hand. Men ziet het ontstaan van het Muziekfestival, het Theaterfestival (de VTS), de colloquia Guillaume Apollinaire, een tentoonstelling over Religieuze schatten, het Museum van het circuit van Spa-Francorchamps<\/p>\n<p>Een bijzonderheid van de Laetare van Stavelot, is dat heel de stad erbij betrokken is.<\/p>\n<p>De<\/p>\n<p>* Artisans R\u00e9unis<br \/>\n* Blancs Moussis<br \/>\n* Clownettes<br \/>\n* Clowns Cyclistes<br \/>\n* Djoye\u00fbs Cooytais<br \/>\n* Djoye\u00fbs Pign\u2019te\u00fbs<br \/>\n* Emulation<br \/>\n* Grosses Ti\u00e8sses<br \/>\n* Jeunesse Stavelotaine<br \/>\n* Joyeux Lurons<br \/>\n* Mums<br \/>\n* Lollipops<br \/>\n* Luitons<br \/>\n* Orph\u00e9e<br \/>\n* R\u00e9veil Ardennais<br \/>\n* Ribambelle<br \/>\n* Saint-Louis<br \/>\n* Tch\u00e8ts d\u2019Nute<br \/>\n* V\u00e9t\u00e9rans<br \/>\n* Vive la F\u00eate<br \/>\n* Zygomars<\/p>\n<p>overspoelen de straten in een stoet van meer dan 2000 deelnemers, van wie de meesten uit Stavelot afkomstig zijn. Een inwoner op drie neemt actief deel. Stavelot is echt de hoofdstad van de Laetare..<\/p>\n<p>De belangstelling van het Waalse Gewest voor zijn patrimonium en culturele erfgoed betekent een nieuwe opleving, zowel voor de gerestaureerde abdij als voor Stavelot en haar bevolking.<\/p>\n","protected":false},"excerpt":{"rendered":"<p>1502 : oprichting van de broederschap de Blancs Moussis. De regerende prins-abt verbood zijn monniken om aan de carnavalfeestelijkheden deel te nemen. De menigte riep de vrolijke en betreurde aanwezigheid van de monniken op door zich uit te dossen met een monnikskap en een kapmantel ter imitatie van de kleding en de kleur van de monnikspijen. Na nieuwe verbodsbepalingen bleef enkel een wit tenue over, dat redelijk goed op een monnikspij lijkt. Een vrolijk masker met een lange neus maakte de potsierlijke uitdossing compleet. Alhoewel deze legende vandaag algemeen aanvaard [&hellip;]<\/p>\n","protected":false},"author":1,"featured_media":0,"parent":3916,"menu_order":0,"comment_status":"open","ping_status":"open","template":"","meta":{"_acf_changed":false,"footnotes":""},"class_list":["post-4102","page","type-page","status-publish","hentry"],"acf":[],"yoast_head":"<!-- This site is optimized with the Yoast SEO plugin v27.4 - https:\/\/yoast.com\/product\/yoast-seo-wordpress\/ -->\n<title>Een beetje geschiedenis - Stavelot, Capitale du Laetare et ses Blancs Moussis (Carnaval Wallon)<\/title>\n<meta name=\"robots\" content=\"index, follow, max-snippet:-1, max-image-preview:large, max-video-preview:-1\" \/>\n<link rel=\"canonical\" href=\"https:\/\/www.laetare-stavelot.be\/nl\/laetare-4\/een-beetje-geschiedenis\/\" \/>\n<meta property=\"og:locale\" content=\"nl_NL\" \/>\n<meta property=\"og:type\" content=\"article\" \/>\n<meta property=\"og:title\" content=\"Een beetje geschiedenis - Stavelot, Capitale du Laetare et ses Blancs Moussis (Carnaval Wallon)\" \/>\n<meta property=\"og:description\" content=\"1502 : oprichting van de broederschap de Blancs Moussis. De regerende prins-abt verbood zijn monniken om aan de carnavalfeestelijkheden deel te nemen. De menigte riep de vrolijke en betreurde aanwezigheid van de monniken op door zich uit te dossen met een monnikskap en een kapmantel ter imitatie van de kleding en de kleur van de monnikspijen. Na nieuwe verbodsbepalingen bleef enkel een wit tenue over, dat redelijk goed op een monnikspij lijkt. Een vrolijk masker met een lange neus maakte de potsierlijke uitdossing compleet. Alhoewel deze legende vandaag algemeen aanvaard [&hellip;]\" \/>\n<meta property=\"og:url\" content=\"https:\/\/www.laetare-stavelot.be\/nl\/laetare-4\/een-beetje-geschiedenis\/\" \/>\n<meta property=\"og:site_name\" content=\"Stavelot, Capitale du Laetare et ses Blancs Moussis (Carnaval Wallon)\" \/>\n<meta property=\"article:modified_time\" content=\"2021-07-02T17:30:26+00:00\" \/>\n<meta property=\"og:image\" content=\"https:\/\/www.laetare-stavelot.be\/\/wp-content\/uploads\/2014\/01\/laetare-2012-blancs-moussis-6-300x169.jpg\" \/>\n<meta name=\"twitter:card\" content=\"summary_large_image\" \/>\n<meta name=\"twitter:label1\" content=\"Geschatte leestijd\" \/>\n\t<meta name=\"twitter:data1\" content=\"3 minuten\" \/>\n<script type=\"application\/ld+json\" class=\"yoast-schema-graph\">{\"@context\":\"https:\\\/\\\/schema.org\",\"@graph\":[{\"@type\":\"WebPage\",\"@id\":\"https:\\\/\\\/www.laetare-stavelot.be\\\/nl\\\/laetare-4\\\/een-beetje-geschiedenis\\\/\",\"url\":\"https:\\\/\\\/www.laetare-stavelot.be\\\/nl\\\/laetare-4\\\/een-beetje-geschiedenis\\\/\",\"name\":\"Een beetje geschiedenis - Stavelot, Capitale du Laetare et ses Blancs Moussis (Carnaval Wallon)\",\"isPartOf\":{\"@id\":\"https:\\\/\\\/www.laetare-stavelot.be\\\/#website\"},\"primaryImageOfPage\":{\"@id\":\"https:\\\/\\\/www.laetare-stavelot.be\\\/nl\\\/laetare-4\\\/een-beetje-geschiedenis\\\/#primaryimage\"},\"image\":{\"@id\":\"https:\\\/\\\/www.laetare-stavelot.be\\\/nl\\\/laetare-4\\\/een-beetje-geschiedenis\\\/#primaryimage\"},\"thumbnailUrl\":\"https:\\\/\\\/www.laetare-stavelot.be\\\/\\\/wp-content\\\/uploads\\\/2014\\\/01\\\/laetare-2012-blancs-moussis-6-300x169.jpg\",\"datePublished\":\"2014-03-24T14:33:08+00:00\",\"dateModified\":\"2021-07-02T17:30:26+00:00\",\"breadcrumb\":{\"@id\":\"https:\\\/\\\/www.laetare-stavelot.be\\\/nl\\\/laetare-4\\\/een-beetje-geschiedenis\\\/#breadcrumb\"},\"inLanguage\":\"nl-NL\",\"potentialAction\":[{\"@type\":\"ReadAction\",\"target\":[\"https:\\\/\\\/www.laetare-stavelot.be\\\/nl\\\/laetare-4\\\/een-beetje-geschiedenis\\\/\"]}]},{\"@type\":\"ImageObject\",\"inLanguage\":\"nl-NL\",\"@id\":\"https:\\\/\\\/www.laetare-stavelot.be\\\/nl\\\/laetare-4\\\/een-beetje-geschiedenis\\\/#primaryimage\",\"url\":\"https:\\\/\\\/www.laetare-stavelot.be\\\/\\\/wp-content\\\/uploads\\\/2014\\\/01\\\/laetare-2012-blancs-moussis-6-300x169.jpg\",\"contentUrl\":\"https:\\\/\\\/www.laetare-stavelot.be\\\/\\\/wp-content\\\/uploads\\\/2014\\\/01\\\/laetare-2012-blancs-moussis-6-300x169.jpg\"},{\"@type\":\"BreadcrumbList\",\"@id\":\"https:\\\/\\\/www.laetare-stavelot.be\\\/nl\\\/laetare-4\\\/een-beetje-geschiedenis\\\/#breadcrumb\",\"itemListElement\":[{\"@type\":\"ListItem\",\"position\":1,\"name\":\"Accueil\",\"item\":\"https:\\\/\\\/www.laetare-stavelot.be\\\/nl\\\/\"},{\"@type\":\"ListItem\",\"position\":2,\"name\":\"Laetare\",\"item\":\"https:\\\/\\\/www.laetare-stavelot.be\\\/nl\\\/laetare-4\\\/\"},{\"@type\":\"ListItem\",\"position\":3,\"name\":\"Een beetje geschiedenis\"}]},{\"@type\":\"WebSite\",\"@id\":\"https:\\\/\\\/www.laetare-stavelot.be\\\/#website\",\"url\":\"https:\\\/\\\/www.laetare-stavelot.be\\\/\",\"name\":\"Stavelot, Capitale du Laetare et ses Blancs Moussis (Carnaval Wallon)\",\"description\":\"518e LAETARE des Blancs-Moussis de Stavelot - 21 -22 -23 mars 2020\",\"potentialAction\":[{\"@type\":\"SearchAction\",\"target\":{\"@type\":\"EntryPoint\",\"urlTemplate\":\"https:\\\/\\\/www.laetare-stavelot.be\\\/?s={search_term_string}\"},\"query-input\":{\"@type\":\"PropertyValueSpecification\",\"valueRequired\":true,\"valueName\":\"search_term_string\"}}],\"inLanguage\":\"nl-NL\"}]}<\/script>\n<!-- \/ Yoast SEO plugin. -->","yoast_head_json":{"title":"Een beetje geschiedenis - Stavelot, Capitale du Laetare et ses Blancs Moussis (Carnaval Wallon)","robots":{"index":"index","follow":"follow","max-snippet":"max-snippet:-1","max-image-preview":"max-image-preview:large","max-video-preview":"max-video-preview:-1"},"canonical":"https:\/\/www.laetare-stavelot.be\/nl\/laetare-4\/een-beetje-geschiedenis\/","og_locale":"nl_NL","og_type":"article","og_title":"Een beetje geschiedenis - Stavelot, Capitale du Laetare et ses Blancs Moussis (Carnaval Wallon)","og_description":"1502 : oprichting van de broederschap de Blancs Moussis. De regerende prins-abt verbood zijn monniken om aan de carnavalfeestelijkheden deel te nemen. De menigte riep de vrolijke en betreurde aanwezigheid van de monniken op door zich uit te dossen met een monnikskap en een kapmantel ter imitatie van de kleding en de kleur van de monnikspijen. Na nieuwe verbodsbepalingen bleef enkel een wit tenue over, dat redelijk goed op een monnikspij lijkt. Een vrolijk masker met een lange neus maakte de potsierlijke uitdossing compleet. Alhoewel deze legende vandaag algemeen aanvaard [&hellip;]","og_url":"https:\/\/www.laetare-stavelot.be\/nl\/laetare-4\/een-beetje-geschiedenis\/","og_site_name":"Stavelot, Capitale du Laetare et ses Blancs Moussis (Carnaval Wallon)","article_modified_time":"2021-07-02T17:30:26+00:00","og_image":[{"url":"https:\/\/www.laetare-stavelot.be\/\/wp-content\/uploads\/2014\/01\/laetare-2012-blancs-moussis-6-300x169.jpg","type":"","width":"","height":""}],"twitter_card":"summary_large_image","twitter_misc":{"Geschatte leestijd":"3 minuten"},"schema":{"@context":"https:\/\/schema.org","@graph":[{"@type":"WebPage","@id":"https:\/\/www.laetare-stavelot.be\/nl\/laetare-4\/een-beetje-geschiedenis\/","url":"https:\/\/www.laetare-stavelot.be\/nl\/laetare-4\/een-beetje-geschiedenis\/","name":"Een beetje geschiedenis - Stavelot, Capitale du Laetare et ses Blancs Moussis (Carnaval Wallon)","isPartOf":{"@id":"https:\/\/www.laetare-stavelot.be\/#website"},"primaryImageOfPage":{"@id":"https:\/\/www.laetare-stavelot.be\/nl\/laetare-4\/een-beetje-geschiedenis\/#primaryimage"},"image":{"@id":"https:\/\/www.laetare-stavelot.be\/nl\/laetare-4\/een-beetje-geschiedenis\/#primaryimage"},"thumbnailUrl":"https:\/\/www.laetare-stavelot.be\/\/wp-content\/uploads\/2014\/01\/laetare-2012-blancs-moussis-6-300x169.jpg","datePublished":"2014-03-24T14:33:08+00:00","dateModified":"2021-07-02T17:30:26+00:00","breadcrumb":{"@id":"https:\/\/www.laetare-stavelot.be\/nl\/laetare-4\/een-beetje-geschiedenis\/#breadcrumb"},"inLanguage":"nl-NL","potentialAction":[{"@type":"ReadAction","target":["https:\/\/www.laetare-stavelot.be\/nl\/laetare-4\/een-beetje-geschiedenis\/"]}]},{"@type":"ImageObject","inLanguage":"nl-NL","@id":"https:\/\/www.laetare-stavelot.be\/nl\/laetare-4\/een-beetje-geschiedenis\/#primaryimage","url":"https:\/\/www.laetare-stavelot.be\/\/wp-content\/uploads\/2014\/01\/laetare-2012-blancs-moussis-6-300x169.jpg","contentUrl":"https:\/\/www.laetare-stavelot.be\/\/wp-content\/uploads\/2014\/01\/laetare-2012-blancs-moussis-6-300x169.jpg"},{"@type":"BreadcrumbList","@id":"https:\/\/www.laetare-stavelot.be\/nl\/laetare-4\/een-beetje-geschiedenis\/#breadcrumb","itemListElement":[{"@type":"ListItem","position":1,"name":"Accueil","item":"https:\/\/www.laetare-stavelot.be\/nl\/"},{"@type":"ListItem","position":2,"name":"Laetare","item":"https:\/\/www.laetare-stavelot.be\/nl\/laetare-4\/"},{"@type":"ListItem","position":3,"name":"Een beetje geschiedenis"}]},{"@type":"WebSite","@id":"https:\/\/www.laetare-stavelot.be\/#website","url":"https:\/\/www.laetare-stavelot.be\/","name":"Stavelot, Capitale du Laetare et ses Blancs Moussis (Carnaval Wallon)","description":"518e LAETARE des Blancs-Moussis de Stavelot - 21 -22 -23 mars 2020","potentialAction":[{"@type":"SearchAction","target":{"@type":"EntryPoint","urlTemplate":"https:\/\/www.laetare-stavelot.be\/?s={search_term_string}"},"query-input":{"@type":"PropertyValueSpecification","valueRequired":true,"valueName":"search_term_string"}}],"inLanguage":"nl-NL"}]}},"_links":{"self":[{"href":"https:\/\/www.laetare-stavelot.be\/nl\/wp-json\/wp\/v2\/pages\/4102","targetHints":{"allow":["GET"]}}],"collection":[{"href":"https:\/\/www.laetare-stavelot.be\/nl\/wp-json\/wp\/v2\/pages"}],"about":[{"href":"https:\/\/www.laetare-stavelot.be\/nl\/wp-json\/wp\/v2\/types\/page"}],"author":[{"embeddable":true,"href":"https:\/\/www.laetare-stavelot.be\/nl\/wp-json\/wp\/v2\/users\/1"}],"replies":[{"embeddable":true,"href":"https:\/\/www.laetare-stavelot.be\/nl\/wp-json\/wp\/v2\/comments?post=4102"}],"version-history":[{"count":0,"href":"https:\/\/www.laetare-stavelot.be\/nl\/wp-json\/wp\/v2\/pages\/4102\/revisions"}],"up":[{"embeddable":true,"href":"https:\/\/www.laetare-stavelot.be\/nl\/wp-json\/wp\/v2\/pages\/3916"}],"wp:attachment":[{"href":"https:\/\/www.laetare-stavelot.be\/nl\/wp-json\/wp\/v2\/media?parent=4102"}],"curies":[{"name":"wp","href":"https:\/\/api.w.org\/{rel}","templated":true}]}}